{"id":2160,"date":"2022-08-10T10:07:18","date_gmt":"2022-08-10T08:07:18","guid":{"rendered":"https:\/\/monin.ch\/produkt\/monin-le-fruit-mandarine\/"},"modified":"2024-04-18T16:44:47","modified_gmt":"2024-04-18T14:44:47","slug":"monin-le-fruit-mandarine","status":"publish","type":"product","link":"https:\/\/monin.ch\/fr\/produkt\/monin-le-fruit-mandarine\/","title":{"rendered":"MONIN Le Fruit Mandarine"},"content":{"rendered":"","protected":false},"excerpt":{"rendered":"<h1>MONIN Le Fruit Mandarine<\/h1>\n<p>Originaire de Chine et du Vietnam, la mandarine est utilis\u00e9e depuis longtemps dans la m\u00e9decine chinoise pour ses vertus. En Europe, ce petit agrume gorg\u00e9 de soleil a d\u2019abord \u00e9t\u00e9 privil\u00e9gi\u00e9 par les grandes maisons de parfumerie fran\u00e7aises avant de s\u2019imposer sur les \u00e9tals de march\u00e9. MONIN Le Fruit Mandarine fait sien le go\u00fbt typique, doux, juteux et sucr\u00e9 de ce petit fruit orange: une base parfaite pour les limonades, smoothies, frapp\u00e9s, th\u00e9s glac\u00e9s, Moscow mules et de nombreuses boissons estivales.<\/p>\n<p><strong><span class=\"bold_condensed\">Inhalt: <\/span><\/strong>1.000 ml<br \/>\n<strong><span class=\"bold_condensed\">Teneur en alcool: <\/span><\/strong>0 % vol<br \/>\n<strong><span class=\"bold_condensed\">Artikel-Nr.<\/span>:<\/strong> 362222<\/p>\n[fusion_separator style_type=\"none\" hide_on_mobile=\"small-visibility,medium-visibility,large-visibility\" sticky_display=\"normal,sticky\" class=\"\" id=\"\" flex_grow=\"0\" top_margin=\"3%\" bottom_margin=\"\" width=\"\" alignment=\"center\" border_size=\"\" sep_color=\"\" icon=\"\" icon_size=\"\" icon_color=\"\" icon_circle=\"\" icon_circle_color=\"\"][\/fusion_separator]\n[fusion_button link=\"https:\/\/login.trustbox-swiss.ch\/index.php?gtin=3052911483103\" title=\"\" target=\"_blank\" link_attributes=\"\" alignment_medium=\"\" alignment_small=\"\" alignment=\"left\" modal=\"\" hide_on_mobile=\"small-visibility,medium-visibility,large-visibility\" sticky_display=\"normal,sticky\" class=\"\" id=\"\" color=\"custom\" button_gradient_top_color=\"#c3a66e\" button_gradient_bottom_color=\"#e9b653\" button_gradient_top_color_hover=\"\" button_gradient_bottom_color_hover=\"\" gradient_start_position=\"\" gradient_end_position=\"\" gradient_type=\"\" radial_direction=\"\" linear_angle=\"180\" accent_color=\"\" accent_hover_color=\"\" type=\"\" bevel_color=\"\" bevel_color_hover=\"\" border_top=\"\" border_right=\"\" border_bottom=\"\" border_left=\"\" border_radius_top_left=\"\" border_radius_top_right=\"\" border_radius_bottom_right=\"\" border_radius_bottom_left=\"\" border_color=\"\" border_hover_color=\"\" size=\"medium\" padding_top=\"\" padding_right=\"\" padding_bottom=\"\" padding_left=\"\" font_size=\"\" line_height=\"\" fusion_font_family_button_font=\"\" fusion_font_variant_button_font=\"\" letter_spacing=\"\" text_transform=\"\" stretch=\"default\" margin_top=\"\" margin_right=\"\" margin_bottom=\"\" margin_left=\"\" icon=\"\" icon_position=\"left\" icon_divider=\"no\" animation_type=\"\" animation_direction=\"left\" animation_speed=\"0.3\" animation_offset=\"\"]VALEURS NUTRITIONNELLES[\/fusion_button]\n[fusion_table fusion_table_type=\"2\" fusion_table_rows=\"\" fusion_table_columns=\"\" hide_on_mobile=\"small-visibility,medium-visibility,large-visibility\" class=\"\" id=\"\" animation_type=\"\" animation_direction=\"left\" animation_speed=\"0.3\" animation_offset=\"\"]<\/p>\n<div class=\"table-2\">\n<table width=\"100%\">\n<thead><\/thead>\n<tbody>\n<tr>\n<td align=\"center\"><img decoding=\"async\" src=\"https:\/\/monin.ch\/wp-content\/uploads\/2022\/07\/Icon_Farbe_50.jpg\" \/><\/td>\n<td align=\"center\"><img decoding=\"async\" src=\"https:\/\/monin.ch\/wp-content\/uploads\/2022\/07\/Icon_Aroma_50.jpg\" \/><\/td>\n<td align=\"center\"><img decoding=\"async\" src=\"https:\/\/monin.ch\/wp-content\/uploads\/2022\/07\/Icon_Konservierung_50.jpg\" \/><\/td>\n<\/tr>\n<tr>\n<td align=\"center\">Colorants naturels<\/td>\n<td align=\"center\">Ar\u00f4mes naturels<\/td>\n<td align=\"center\">Conservateurs naturels<\/td>\n<\/tr>\n<\/tbody>\n<\/table>\n<\/div>\n<p>[\/fusion_table]\n[fusion_separator style_type=\"none\" hide_on_mobile=\"small-visibility,medium-visibility,large-visibility\" sticky_display=\"normal,sticky\" class=\"\" id=\"\" flex_grow=\"0\" top_margin=\"3%\" bottom_margin=\"\" width=\"\" alignment=\"center\" border_size=\"\" sep_color=\"\" icon=\"\" icon_size=\"\" icon_color=\"\" icon_circle=\"\" icon_circle_color=\"\"][\/fusion_separator]\n[fusion_button link=\"https:\/\/topofdrinks.ch\/fr\/A~362222\/Monin-Le-fruit-de-Tangerine-Tangerine\" title=\"ACHETER MAINTENANT\" target=\"_blank\" link_attributes=\"\" alignment_medium=\"\" alignment_small=\"\" alignment=\"left\" modal=\"\" hide_on_mobile=\"small-visibility,medium-visibility,large-visibility\" sticky_display=\"normal,sticky\" class=\"\" id=\"\" color=\"custom\" button_gradient_top_color=\"#b72727\" hue=\"\" saturation=\"\" lightness=\"\" alpha=\"\" button_gradient_bottom_color=\"#ef5f23\" button_gradient_top_color_hover=\"#981313\" button_gradient_bottom_color_hover=\"#ce4800\" gradient_start_position=\"\" gradient_end_position=\"\" gradient_type=\"\" radial_direction=\"\" linear_angle=\"180\" accent_color=\"\" accent_hover_color=\"\" type=\"flat\" bevel_color=\"\" bevel_color_hover=\"\" border_top=\"\" border_right=\"\" border_bottom=\"\" border_left=\"\" border_radius_top_left=\"\" border_radius_top_right=\"\" border_radius_bottom_right=\"\" border_radius_bottom_left=\"\" border_color=\"\" border_hover_color=\"\" size=\"medium\" padding_top=\"\" padding_right=\"\" padding_bottom=\"\" padding_left=\"\" fusion_font_family_button_font=\"\" fusion_font_variant_button_font=\"\" font_size=\"\" line_height=\"\" letter_spacing=\"\" text_transform=\"\" stretch=\"default\" margin_top=\"\" margin_right=\"\" margin_bottom=\"\" margin_left=\"\" icon=\"\" icon_position=\"left\" icon_divider=\"no\" animation_type=\"\" animation_direction=\"left\" animation_speed=\"0.3\" animation_offset=\"\"]ACHETER MAINTENANT[\/fusion_button]\n","protected":false},"featured_media":1778,"comment_status":"closed","ping_status":"closed","template":"","meta":[],"product_brand":[],"product_cat":[486],"product_tag":[575],"class_list":{"0":"post-2160","1":"product","2":"type-product","3":"status-publish","4":"has-post-thumbnail","6":"product_cat-monin-le-fruit-fr","7":"product_tag-362222-fr","9":"first","10":"instock","11":"shipping-taxable","12":"product-type-simple"},"_links":{"self":[{"href":"https:\/\/monin.ch\/fr\/wp-json\/wp\/v2\/product\/2160","targetHints":{"allow":["GET"]}}],"collection":[{"href":"https:\/\/monin.ch\/fr\/wp-json\/wp\/v2\/product"}],"about":[{"href":"https:\/\/monin.ch\/fr\/wp-json\/wp\/v2\/types\/product"}],"replies":[{"embeddable":true,"href":"https:\/\/monin.ch\/fr\/wp-json\/wp\/v2\/comments?post=2160"}],"wp:featuredmedia":[{"embeddable":true,"href":"https:\/\/monin.ch\/fr\/wp-json\/wp\/v2\/media\/1778"}],"wp:attachment":[{"href":"https:\/\/monin.ch\/fr\/wp-json\/wp\/v2\/media?parent=2160"}],"wp:term":[{"taxonomy":"product_brand","embeddable":true,"href":"https:\/\/monin.ch\/fr\/wp-json\/wp\/v2\/product_brand?post=2160"},{"taxonomy":"product_cat","embeddable":true,"href":"https:\/\/monin.ch\/fr\/wp-json\/wp\/v2\/product_cat?post=2160"},{"taxonomy":"product_tag","embeddable":true,"href":"https:\/\/monin.ch\/fr\/wp-json\/wp\/v2\/product_tag?post=2160"}],"curies":[{"name":"wp","href":"https:\/\/api.w.org\/{rel}","templated":true}]}}