{"id":2238,"date":"2022-07-19T10:52:58","date_gmt":"2022-07-19T08:52:58","guid":{"rendered":"https:\/\/monin.ch\/produkt\/monin-sirop-ananas\/"},"modified":"2024-04-17T11:27:47","modified_gmt":"2024-04-17T09:27:47","slug":"monin-sirop-ananas","status":"publish","type":"product","link":"https:\/\/monin.ch\/fr\/produkt\/monin-sirop-ananas\/","title":{"rendered":"MONIN Sirop Ananas"},"content":{"rendered":"","protected":false},"excerpt":{"rendered":"<h1>MONIN Sirop Ananas<\/h1>\n<p>Originaire d\u2019Am\u00e9rique latine et longtemps consid\u00e9r\u00e9 comme un fruit rare et pr\u00e9cieux, l\u2019ananas compte aujourd\u2019hui parmi les fruits tropicaux les plus consomm\u00e9s en Europe. Il existe une centaine de types d\u2019ananas, r\u00e9partis en cinq grandes vari\u00e9t\u00e9s: Cayenne, Queen, Cara\u00efbes, Abacaxi et Victoria. MONIN Sirop Ananas r\u00e9unit toutes les notes acidul\u00e9es et sucr\u00e9es de ces cinq grandes vari\u00e9t\u00e9s et se marie parfaitement avec des \u00e9pices exotiques comme le gingembre, des herbes aromatiques, du miel, du lait de coco ou m\u00eame avec une multitude d\u2019autres fruits. Utilise-le pour agr\u00e9menter toutes tes boissons, comme une ca\u00efpirinha, une margarita glac\u00e9e, un punch ou un th\u00e9 glac\u00e9.<\/p>\n<p><strong><span class=\"bold_condensed\">Contenance: <\/span><\/strong>700 ml<br \/>\n<strong><span class=\"bold_condensed\">Teneur en alcool: <\/span><\/strong>0 % vol<br \/>\n<strong><span class=\"bold_condensed\">Artikel-Nr.<\/span>:<\/strong> 361001<\/p>\n[fusion_separator style_type=\"none\" hide_on_mobile=\"small-visibility,medium-visibility,large-visibility\" sticky_display=\"normal,sticky\" class=\"\" id=\"\" flex_grow=\"0\" top_margin=\"3%\" bottom_margin=\"\" width=\"\" alignment=\"center\" border_size=\"\" sep_color=\"\" icon=\"\" icon_size=\"\" icon_color=\"\" icon_circle=\"\" icon_circle_color=\"\"][\/fusion_separator]\n[fusion_button link=\"https:\/\/login.trustbox-swiss.ch\/index.php?gtin=3052910056414\" title=\"\" target=\"_blank\" link_attributes=\"\" alignment_medium=\"\" alignment_small=\"\" alignment=\"left\" modal=\"\" hide_on_mobile=\"small-visibility,medium-visibility,large-visibility\" sticky_display=\"normal,sticky\" class=\"\" id=\"\" color=\"custom\" button_gradient_top_color=\"#c3a66e\" button_gradient_bottom_color=\"#e9b653\" button_gradient_top_color_hover=\"\" button_gradient_bottom_color_hover=\"\" gradient_start_position=\"\" gradient_end_position=\"\" gradient_type=\"\" radial_direction=\"\" linear_angle=\"180\" accent_color=\"\" accent_hover_color=\"\" type=\"\" bevel_color=\"\" bevel_color_hover=\"\" border_top=\"\" border_right=\"\" border_bottom=\"\" border_left=\"\" border_radius_top_left=\"\" border_radius_top_right=\"\" border_radius_bottom_right=\"\" border_radius_bottom_left=\"\" border_color=\"\" border_hover_color=\"\" size=\"medium\" padding_top=\"\" padding_right=\"\" padding_bottom=\"\" padding_left=\"\" font_size=\"\" line_height=\"\" fusion_font_family_button_font=\"\" fusion_font_variant_button_font=\"\" letter_spacing=\"\" text_transform=\"\" stretch=\"default\" margin_top=\"\" margin_right=\"\" margin_bottom=\"\" margin_left=\"\" icon=\"\" icon_position=\"left\" icon_divider=\"no\" animation_type=\"\" animation_direction=\"left\" animation_speed=\"0.3\" animation_offset=\"\"]VALEURS NUTRITIONNELLES[\/fusion_button]\n[fusion_table fusion_table_type=\"2\" fusion_table_rows=\"\" fusion_table_columns=\"\" hide_on_mobile=\"small-visibility,medium-visibility,large-visibility\" class=\"\" id=\"\" animation_type=\"\" animation_direction=\"left\" animation_speed=\"0.3\" animation_offset=\"\"]<\/p>\n<div class=\"table-2\">\n<table width=\"100%\">\n<thead><\/thead>\n<tbody>\n<tr>\n<td align=\"center\"><img decoding=\"async\" src=\"https:\/\/monin.ch\/wp-content\/uploads\/2022\/07\/Icon_Farbe_50.jpg\"><\/td>\n<td align=\"center\"><img decoding=\"async\" src=\"https:\/\/monin.ch\/wp-content\/uploads\/2022\/07\/Icon_Aroma_50.jpg\"><\/td>\n<td align=\"center\"><img decoding=\"async\" src=\"https:\/\/monin.ch\/wp-content\/uploads\/2022\/07\/Icon_Konservierung_50.jpg\"><\/td>\n<\/tr>\n<tr>\n<td align=\"center\">Colorants naturels<\/td>\n<td align=\"center\">Ar\u00f4mes naturels<\/td>\n<td align=\"center\">Conservateurs naturels<\/td>\n<\/tr>\n<\/tbody>\n<\/table>\n<\/div>\n<p>[\/fusion_table]\n[fusion_separator style_type=\"none\" hide_on_mobile=\"small-visibility,medium-visibility,large-visibility\" sticky_display=\"normal,sticky\" class=\"\" id=\"\" flex_grow=\"0\" top_margin=\"3%\" bottom_margin=\"\" width=\"\" alignment=\"center\" border_size=\"\" sep_color=\"\" icon=\"\" icon_size=\"\" icon_color=\"\" icon_circle=\"\" icon_circle_color=\"\"][\/fusion_separator]\n[fusion_button link=\"https:\/\/topofdrinks.ch\/fr\/A~361001\/Monin-Sirup-Ananas-Pineapple-Syrup\" title=\"ACHETER MAINTENANT\" target=\"_blank\" link_attributes=\"\" alignment_medium=\"\" alignment_small=\"\" alignment=\"left\" modal=\"\" hide_on_mobile=\"small-visibility,medium-visibility,large-visibility\" sticky_display=\"normal,sticky\" class=\"\" id=\"\" color=\"custom\" button_gradient_top_color=\"#b72727\" hue=\"\" saturation=\"\" lightness=\"\" alpha=\"\" button_gradient_bottom_color=\"#ef5f23\" button_gradient_top_color_hover=\"#981313\" button_gradient_bottom_color_hover=\"#ce4800\" gradient_start_position=\"\" gradient_end_position=\"\" gradient_type=\"\" radial_direction=\"\" linear_angle=\"180\" accent_color=\"\" accent_hover_color=\"\" type=\"flat\" bevel_color=\"\" bevel_color_hover=\"\" border_top=\"\" border_right=\"\" border_bottom=\"\" border_left=\"\" border_radius_top_left=\"\" border_radius_top_right=\"\" border_radius_bottom_right=\"\" border_radius_bottom_left=\"\" border_color=\"\" border_hover_color=\"\" size=\"medium\" padding_top=\"\" padding_right=\"\" padding_bottom=\"\" padding_left=\"\" fusion_font_family_button_font=\"\" fusion_font_variant_button_font=\"\" font_size=\"\" line_height=\"\" letter_spacing=\"\" text_transform=\"\" stretch=\"default\" margin_top=\"\" margin_right=\"\" margin_bottom=\"\" margin_left=\"\" icon=\"\" icon_position=\"left\" icon_divider=\"no\" animation_type=\"\" animation_direction=\"left\" animation_speed=\"0.3\" animation_offset=\"\"]ACHETER MAINTENANT[\/fusion_button]\n","protected":false},"featured_media":1638,"comment_status":"closed","ping_status":"closed","template":"","meta":[],"product_brand":[],"product_cat":[492],"product_tag":[632,589],"class_list":{"0":"post-2238","1":"product","2":"type-product","3":"status-publish","4":"has-post-thumbnail","6":"product_cat-monin-sirop-700ml","7":"product_tag-361001-fr","8":"product_tag-700ml-fr","10":"first","11":"instock","12":"shipping-taxable","13":"product-type-simple"},"_links":{"self":[{"href":"https:\/\/monin.ch\/fr\/wp-json\/wp\/v2\/product\/2238","targetHints":{"allow":["GET"]}}],"collection":[{"href":"https:\/\/monin.ch\/fr\/wp-json\/wp\/v2\/product"}],"about":[{"href":"https:\/\/monin.ch\/fr\/wp-json\/wp\/v2\/types\/product"}],"replies":[{"embeddable":true,"href":"https:\/\/monin.ch\/fr\/wp-json\/wp\/v2\/comments?post=2238"}],"wp:featuredmedia":[{"embeddable":true,"href":"https:\/\/monin.ch\/fr\/wp-json\/wp\/v2\/media\/1638"}],"wp:attachment":[{"href":"https:\/\/monin.ch\/fr\/wp-json\/wp\/v2\/media?parent=2238"}],"wp:term":[{"taxonomy":"product_brand","embeddable":true,"href":"https:\/\/monin.ch\/fr\/wp-json\/wp\/v2\/product_brand?post=2238"},{"taxonomy":"product_cat","embeddable":true,"href":"https:\/\/monin.ch\/fr\/wp-json\/wp\/v2\/product_cat?post=2238"},{"taxonomy":"product_tag","embeddable":true,"href":"https:\/\/monin.ch\/fr\/wp-json\/wp\/v2\/product_tag?post=2238"}],"curies":[{"name":"wp","href":"https:\/\/api.w.org\/{rel}","templated":true}]}}