{"id":2327,"date":"2022-07-27T11:53:36","date_gmt":"2022-07-27T09:53:36","guid":{"rendered":"https:\/\/monin.ch\/produkt\/monin-sirop-mangue-epices\/"},"modified":"2024-04-17T16:15:17","modified_gmt":"2024-04-17T14:15:17","slug":"monin-sirop-mangue-epices","status":"publish","type":"product","link":"https:\/\/monin.ch\/fr\/produkt\/monin-sirop-mangue-epices\/","title":{"rendered":"MONIN Sirop Mangue Epices"},"content":{"rendered":"","protected":false},"excerpt":{"rendered":"<h1>MONIN Sirop Mangue Epices<\/h1>\n<p>La pulpe orange et sucr\u00e9e de la mangue s\u2019allie au piquant rafra\u00eechissant du piment pour cr\u00e9er une myriade de recettes extravagantes avec MONIN Sirop Mangue \u00c9pices. Ce m\u00e9lange visionnaire et parfaitement \u00e9quilibr\u00e9 entre sucr\u00e9 et \u00e9pic\u00e9 conf\u00e8re aux mocktails, cocktails et th\u00e9s glac\u00e9s une note tropicale bien particuli\u00e8re.<\/p>\n<p><strong><span class=\"bold_condensed\">Contenance: <\/span><\/strong>700 ml<br \/>\n<strong><span class=\"bold_condensed\">Teneur en alcool: <\/span><\/strong>0 % vol<br \/>\n<strong><span class=\"bold_condensed\">R\u00e9f\u00e9rence<\/span>:<\/strong> 361115<\/p>\n[fusion_separator style_type=\"none\" hide_on_mobile=\"small-visibility,medium-visibility,large-visibility\" sticky_display=\"normal,sticky\" class=\"\" id=\"\" flex_grow=\"0\" top_margin=\"3%\" bottom_margin=\"\" width=\"\" alignment=\"center\" border_size=\"\" sep_color=\"\" icon=\"\" icon_size=\"\" icon_color=\"\" icon_circle=\"\" icon_circle_color=\"\"][\/fusion_separator]\n[fusion_button link=\"https:\/\/login.trustbox-swiss.ch\/index.php?gtin=3052910041199\" title=\"\" target=\"_blank\" link_attributes=\"\" alignment_medium=\"\" alignment_small=\"\" alignment=\"left\" modal=\"\" hide_on_mobile=\"small-visibility,medium-visibility,large-visibility\" sticky_display=\"normal,sticky\" class=\"\" id=\"\" color=\"custom\" button_gradient_top_color=\"#c3a66e\" button_gradient_bottom_color=\"#e9b653\" button_gradient_top_color_hover=\"\" button_gradient_bottom_color_hover=\"\" gradient_start_position=\"\" gradient_end_position=\"\" gradient_type=\"\" radial_direction=\"\" linear_angle=\"180\" accent_color=\"\" accent_hover_color=\"\" type=\"\" bevel_color=\"\" bevel_color_hover=\"\" border_top=\"\" border_right=\"\" border_bottom=\"\" border_left=\"\" border_radius_top_left=\"\" border_radius_top_right=\"\" border_radius_bottom_right=\"\" border_radius_bottom_left=\"\" border_color=\"\" border_hover_color=\"\" size=\"medium\" padding_top=\"\" padding_right=\"\" padding_bottom=\"\" padding_left=\"\" font_size=\"\" line_height=\"\" fusion_font_family_button_font=\"\" fusion_font_variant_button_font=\"\" letter_spacing=\"\" text_transform=\"\" stretch=\"default\" margin_top=\"\" margin_right=\"\" margin_bottom=\"\" margin_left=\"\" icon=\"\" icon_position=\"left\" icon_divider=\"no\" animation_type=\"\" animation_direction=\"left\" animation_speed=\"0.3\" animation_offset=\"\"]VALEURS NUTRITIONNELLES[\/fusion_button]\n[fusion_table fusion_table_type=\"2\" fusion_table_rows=\"\" fusion_table_columns=\"\" hide_on_mobile=\"small-visibility,medium-visibility,large-visibility\" class=\"\" id=\"\" animation_type=\"\" animation_direction=\"left\" animation_speed=\"0.3\" animation_offset=\"\"]<\/p>\n<div class=\"table-2\">\n<table width=\"100%\">\n<thead><\/thead>\n<tbody>\n<tr>\n<td align=\"center\"><img decoding=\"async\" src=\"https:\/\/monin.ch\/wp-content\/uploads\/2022\/07\/Icon_Farbe_50.jpg\"><\/td>\n<td align=\"center\"><img decoding=\"async\" src=\"https:\/\/monin.ch\/wp-content\/uploads\/2022\/07\/Icon_Aroma_50.jpg\"><\/td>\n<td align=\"center\"><img decoding=\"async\" src=\"https:\/\/monin.ch\/wp-content\/uploads\/2022\/07\/Icon_Konservierung_50.jpg\"><\/td>\n<\/tr>\n<tr>\n<td align=\"center\">Colorants naturels<\/td>\n<td align=\"center\">Ar\u00f4mes naturels<\/td>\n<td align=\"center\">Conservateurs naturels<\/td>\n<\/tr>\n<\/tbody>\n<\/table>\n<\/div>\n<p>[\/fusion_table]\n[fusion_separator style_type=\"none\" hide_on_mobile=\"small-visibility,medium-visibility,large-visibility\" sticky_display=\"normal,sticky\" class=\"\" id=\"\" flex_grow=\"0\" top_margin=\"3%\" bottom_margin=\"\" width=\"\" alignment=\"center\" border_size=\"\" sep_color=\"\" icon=\"\" icon_size=\"\" icon_color=\"\" icon_circle=\"\" icon_circle_color=\"\"][\/fusion_separator]\n[fusion_button link=\"https:\/\/topofdrinks.ch\/fr\/A~361115\/Monin-Sirup-Mango-spicy-Spicy-Mango-Syrup\" title=\"ACHETER MAINTENANT\" target=\"_blank\" link_attributes=\"\" alignment_medium=\"\" alignment_small=\"\" alignment=\"left\" modal=\"\" hide_on_mobile=\"small-visibility,medium-visibility,large-visibility\" sticky_display=\"normal,sticky\" class=\"\" id=\"\" color=\"custom\" button_gradient_top_color=\"#b72727\" hue=\"\" saturation=\"\" lightness=\"\" alpha=\"\" button_gradient_bottom_color=\"#ef5f23\" button_gradient_top_color_hover=\"#981313\" button_gradient_bottom_color_hover=\"#ce4800\" gradient_start_position=\"\" gradient_end_position=\"\" gradient_type=\"\" radial_direction=\"\" linear_angle=\"180\" accent_color=\"\" accent_hover_color=\"\" type=\"flat\" bevel_color=\"\" bevel_color_hover=\"\" border_top=\"\" border_right=\"\" border_bottom=\"\" border_left=\"\" border_radius_top_left=\"\" border_radius_top_right=\"\" border_radius_bottom_right=\"\" border_radius_bottom_left=\"\" border_color=\"\" border_hover_color=\"\" size=\"medium\" padding_top=\"\" padding_right=\"\" padding_bottom=\"\" padding_left=\"\" fusion_font_family_button_font=\"\" fusion_font_variant_button_font=\"\" font_size=\"\" line_height=\"\" letter_spacing=\"\" text_transform=\"\" stretch=\"default\" margin_top=\"\" margin_right=\"\" margin_bottom=\"\" margin_left=\"\" icon=\"\" icon_position=\"left\" icon_divider=\"no\" animation_type=\"\" animation_direction=\"left\" animation_speed=\"0.3\" animation_offset=\"\"]ACHETER MAINTENANT[\/fusion_button]\n","protected":false},"featured_media":1708,"comment_status":"closed","ping_status":"closed","template":"","meta":[],"product_brand":[],"product_cat":[492],"product_tag":[680,589],"class_list":{"0":"post-2327","1":"product","2":"type-product","3":"status-publish","4":"has-post-thumbnail","6":"product_cat-monin-sirop-700ml","7":"product_tag-361115-fr","8":"product_tag-700ml-fr","10":"first","11":"instock","12":"shipping-taxable","13":"product-type-simple"},"_links":{"self":[{"href":"https:\/\/monin.ch\/fr\/wp-json\/wp\/v2\/product\/2327","targetHints":{"allow":["GET"]}}],"collection":[{"href":"https:\/\/monin.ch\/fr\/wp-json\/wp\/v2\/product"}],"about":[{"href":"https:\/\/monin.ch\/fr\/wp-json\/wp\/v2\/types\/product"}],"replies":[{"embeddable":true,"href":"https:\/\/monin.ch\/fr\/wp-json\/wp\/v2\/comments?post=2327"}],"wp:featuredmedia":[{"embeddable":true,"href":"https:\/\/monin.ch\/fr\/wp-json\/wp\/v2\/media\/1708"}],"wp:attachment":[{"href":"https:\/\/monin.ch\/fr\/wp-json\/wp\/v2\/media?parent=2327"}],"wp:term":[{"taxonomy":"product_brand","embeddable":true,"href":"https:\/\/monin.ch\/fr\/wp-json\/wp\/v2\/product_brand?post=2327"},{"taxonomy":"product_cat","embeddable":true,"href":"https:\/\/monin.ch\/fr\/wp-json\/wp\/v2\/product_cat?post=2327"},{"taxonomy":"product_tag","embeddable":true,"href":"https:\/\/monin.ch\/fr\/wp-json\/wp\/v2\/product_tag?post=2327"}],"curies":[{"name":"wp","href":"https:\/\/api.w.org\/{rel}","templated":true}]}}