{"id":2366,"date":"2022-10-18T09:03:13","date_gmt":"2022-10-18T07:03:13","guid":{"rendered":"https:\/\/monin.ch\/produkt\/grog-brandy-pomme\/"},"modified":"2022-10-18T09:03:13","modified_gmt":"2022-10-18T07:03:13","slug":"grog-brandy-pomme","status":"publish","type":"product","link":"https:\/\/monin.ch\/fr\/produkt\/grog-brandy-pomme\/","title":{"rendered":"Grog Brandy Pomme"},"content":{"rendered":"","protected":false},"excerpt":{"rendered":"<h1>Grog Brandy Pomme<\/h1>\n<p><strong>Ingr\u00e9dients:<\/strong><br \/>\n20 ml de MONIN Sirop Miel<br \/>\n20 ml de MONIN Sirop Cannelle<br \/>\n60 ml de brandy<br \/>\n355 ml de cidre chaud<\/p>\n<p><strong>Pr\u00e9paration:<\/strong><br \/>\nVerse tous les ingr\u00e9dients dans un verre r\u00e9sistant \u00e0 la chaleur.<\/p>\n<p><strong>Astuce d\u00e9co:<\/strong><br \/>\nB\u00e2tonnet de cannelle<br \/>\n\u00c9corce d\u2019orange<br \/>\nTranche de pomme<br \/>\nTranche de citron<\/p>\n","protected":false},"featured_media":1813,"comment_status":"closed","ping_status":"closed","template":"","meta":[],"product_brand":[],"product_cat":[484],"product_tag":[],"class_list":{"0":"post-2366","1":"product","2":"type-product","3":"status-publish","4":"has-post-thumbnail","6":"product_cat-les-cocktails","7":"pa_cocktails-mocktails-cocktail-fr","9":"first","10":"instock","11":"shipping-taxable","12":"product-type-simple"},"_links":{"self":[{"href":"https:\/\/monin.ch\/fr\/wp-json\/wp\/v2\/product\/2366","targetHints":{"allow":["GET"]}}],"collection":[{"href":"https:\/\/monin.ch\/fr\/wp-json\/wp\/v2\/product"}],"about":[{"href":"https:\/\/monin.ch\/fr\/wp-json\/wp\/v2\/types\/product"}],"replies":[{"embeddable":true,"href":"https:\/\/monin.ch\/fr\/wp-json\/wp\/v2\/comments?post=2366"}],"wp:featuredmedia":[{"embeddable":true,"href":"https:\/\/monin.ch\/fr\/wp-json\/wp\/v2\/media\/1813"}],"wp:attachment":[{"href":"https:\/\/monin.ch\/fr\/wp-json\/wp\/v2\/media?parent=2366"}],"wp:term":[{"taxonomy":"product_brand","embeddable":true,"href":"https:\/\/monin.ch\/fr\/wp-json\/wp\/v2\/product_brand?post=2366"},{"taxonomy":"product_cat","embeddable":true,"href":"https:\/\/monin.ch\/fr\/wp-json\/wp\/v2\/product_cat?post=2366"},{"taxonomy":"product_tag","embeddable":true,"href":"https:\/\/monin.ch\/fr\/wp-json\/wp\/v2\/product_tag?post=2366"}],"curies":[{"name":"wp","href":"https:\/\/api.w.org\/{rel}","templated":true}]}}