{"id":2368,"date":"2023-10-24T10:30:58","date_gmt":"2023-10-24T08:30:58","guid":{"rendered":"https:\/\/monin.ch\/produkt\/chai-latte-2\/"},"modified":"2023-10-24T10:30:58","modified_gmt":"2023-10-24T08:30:58","slug":"chai-latte-2","status":"publish","type":"product","link":"https:\/\/monin.ch\/fr\/produkt\/chai-latte-2\/","title":{"rendered":"Cha\u00ef Latte"},"content":{"rendered":"","protected":false},"excerpt":{"rendered":"<h1>Cha\u00ef Latte<\/h1>\n<p><strong>Ingr\u00e9dients:<\/strong><br \/>\n30 ml de MONIN Concentr\u00e9 Th\u00e9 Cha\u00ef<br \/>\n180 ml de lait chaud<\/p>\n","protected":false},"featured_media":1904,"comment_status":"closed","ping_status":"closed","template":"","meta":[],"product_brand":[],"product_cat":[484],"product_tag":[],"class_list":{"0":"post-2368","1":"product","2":"type-product","3":"status-publish","4":"has-post-thumbnail","6":"product_cat-les-cocktails","7":"pa_cocktails-mocktails-mocktail-fr","9":"first","10":"instock","11":"shipping-taxable","12":"product-type-simple"},"_links":{"self":[{"href":"https:\/\/monin.ch\/fr\/wp-json\/wp\/v2\/product\/2368","targetHints":{"allow":["GET"]}}],"collection":[{"href":"https:\/\/monin.ch\/fr\/wp-json\/wp\/v2\/product"}],"about":[{"href":"https:\/\/monin.ch\/fr\/wp-json\/wp\/v2\/types\/product"}],"replies":[{"embeddable":true,"href":"https:\/\/monin.ch\/fr\/wp-json\/wp\/v2\/comments?post=2368"}],"wp:featuredmedia":[{"embeddable":true,"href":"https:\/\/monin.ch\/fr\/wp-json\/wp\/v2\/media\/1904"}],"wp:attachment":[{"href":"https:\/\/monin.ch\/fr\/wp-json\/wp\/v2\/media?parent=2368"}],"wp:term":[{"taxonomy":"product_brand","embeddable":true,"href":"https:\/\/monin.ch\/fr\/wp-json\/wp\/v2\/product_brand?post=2368"},{"taxonomy":"product_cat","embeddable":true,"href":"https:\/\/monin.ch\/fr\/wp-json\/wp\/v2\/product_cat?post=2368"},{"taxonomy":"product_tag","embeddable":true,"href":"https:\/\/monin.ch\/fr\/wp-json\/wp\/v2\/product_tag?post=2368"}],"curies":[{"name":"wp","href":"https:\/\/api.w.org\/{rel}","templated":true}]}}