{"id":2372,"date":"2022-10-18T09:29:31","date_gmt":"2022-10-18T07:29:31","guid":{"rendered":"https:\/\/monin.ch\/produkt\/espresso-red-2\/"},"modified":"2022-10-18T09:29:31","modified_gmt":"2022-10-18T07:29:31","slug":"espresso-red-2","status":"publish","type":"product","link":"https:\/\/monin.ch\/fr\/produkt\/espresso-red-2\/","title":{"rendered":"Espresso Red"},"content":{"rendered":"","protected":false},"excerpt":{"rendered":"<h1>Espresso Red<\/h1>\n<p><strong>Ingr\u00e9dients:<\/strong><br \/>\n20 ml de MONIN Concentr\u00e9 Bitter<br \/>\n20 ml de vodka<br \/>\n30 ml d\u2019espresso<br \/>\n100 ml d\u2019eau p\u00e9tillante<\/p>\n<p><strong>Pr\u00e9paration:<\/strong><br \/>\nVerse tous les ingr\u00e9dients, sauf l\u2019eau p\u00e9tillante, dans un shaker rempli de gla\u00e7ons. Secoue vigoureusement, verse dans un verre et compl\u00e8te avec l\u2019eau p\u00e9tillante.<\/p>\n<p><strong>Astuce d\u00e9co:<\/strong><br \/>\nUne tranche de citron s\u00e9ch\u00e9e ou fra\u00eeche<\/p>\n","protected":false},"featured_media":1816,"comment_status":"closed","ping_status":"closed","template":"","meta":[],"product_brand":[],"product_cat":[484],"product_tag":[],"class_list":{"0":"post-2372","1":"product","2":"type-product","3":"status-publish","4":"has-post-thumbnail","6":"product_cat-les-cocktails","7":"pa_cocktails-mocktails-cocktail-fr","9":"first","10":"instock","11":"shipping-taxable","12":"product-type-simple"},"_links":{"self":[{"href":"https:\/\/monin.ch\/fr\/wp-json\/wp\/v2\/product\/2372","targetHints":{"allow":["GET"]}}],"collection":[{"href":"https:\/\/monin.ch\/fr\/wp-json\/wp\/v2\/product"}],"about":[{"href":"https:\/\/monin.ch\/fr\/wp-json\/wp\/v2\/types\/product"}],"replies":[{"embeddable":true,"href":"https:\/\/monin.ch\/fr\/wp-json\/wp\/v2\/comments?post=2372"}],"wp:featuredmedia":[{"embeddable":true,"href":"https:\/\/monin.ch\/fr\/wp-json\/wp\/v2\/media\/1816"}],"wp:attachment":[{"href":"https:\/\/monin.ch\/fr\/wp-json\/wp\/v2\/media?parent=2372"}],"wp:term":[{"taxonomy":"product_brand","embeddable":true,"href":"https:\/\/monin.ch\/fr\/wp-json\/wp\/v2\/product_brand?post=2372"},{"taxonomy":"product_cat","embeddable":true,"href":"https:\/\/monin.ch\/fr\/wp-json\/wp\/v2\/product_cat?post=2372"},{"taxonomy":"product_tag","embeddable":true,"href":"https:\/\/monin.ch\/fr\/wp-json\/wp\/v2\/product_tag?post=2372"}],"curies":[{"name":"wp","href":"https:\/\/api.w.org\/{rel}","templated":true}]}}