{"id":2374,"date":"2022-10-18T10:16:14","date_gmt":"2022-10-18T08:16:14","guid":{"rendered":"https:\/\/monin.ch\/produkt\/cafe-glace-aromatise\/"},"modified":"2022-10-18T10:16:14","modified_gmt":"2022-10-18T08:16:14","slug":"cafe-glace-aromatise","status":"publish","type":"product","link":"https:\/\/monin.ch\/fr\/produkt\/cafe-glace-aromatise\/","title":{"rendered":"Caf\u00e9 Glac\u00e9 Aromatis\u00e9"},"content":{"rendered":"","protected":false},"excerpt":{"rendered":"<h1>Caf\u00e9 Glac\u00e9 Aromatis\u00e9<\/h1>\n<p><strong>Ingr\u00e9dients:<\/strong><br \/>\n30 ml de MONIN Sirop<br \/>\n150 ml de lait<br \/>\n1 espresso<\/p>\n<p><strong>Pr\u00e9paration:<\/strong><br \/>\nVerse le MONIN Sirop dans un verre. Ajoute le lait et des gla\u00e7ons.<br \/>\nVerse doucement l\u2019espresso dessus.<\/p>\n","protected":false},"featured_media":1825,"comment_status":"closed","ping_status":"closed","template":"","meta":[],"product_brand":[],"product_cat":[484],"product_tag":[],"class_list":{"0":"post-2374","1":"product","2":"type-product","3":"status-publish","4":"has-post-thumbnail","6":"product_cat-les-cocktails","7":"pa_cocktails-mocktails-mocktail-fr","9":"first","10":"instock","11":"shipping-taxable","12":"product-type-simple"},"_links":{"self":[{"href":"https:\/\/monin.ch\/fr\/wp-json\/wp\/v2\/product\/2374","targetHints":{"allow":["GET"]}}],"collection":[{"href":"https:\/\/monin.ch\/fr\/wp-json\/wp\/v2\/product"}],"about":[{"href":"https:\/\/monin.ch\/fr\/wp-json\/wp\/v2\/types\/product"}],"replies":[{"embeddable":true,"href":"https:\/\/monin.ch\/fr\/wp-json\/wp\/v2\/comments?post=2374"}],"wp:featuredmedia":[{"embeddable":true,"href":"https:\/\/monin.ch\/fr\/wp-json\/wp\/v2\/media\/1825"}],"wp:attachment":[{"href":"https:\/\/monin.ch\/fr\/wp-json\/wp\/v2\/media?parent=2374"}],"wp:term":[{"taxonomy":"product_brand","embeddable":true,"href":"https:\/\/monin.ch\/fr\/wp-json\/wp\/v2\/product_brand?post=2374"},{"taxonomy":"product_cat","embeddable":true,"href":"https:\/\/monin.ch\/fr\/wp-json\/wp\/v2\/product_cat?post=2374"},{"taxonomy":"product_tag","embeddable":true,"href":"https:\/\/monin.ch\/fr\/wp-json\/wp\/v2\/product_tag?post=2374"}],"curies":[{"name":"wp","href":"https:\/\/api.w.org\/{rel}","templated":true}]}}