{"id":2375,"date":"2022-10-18T10:18:59","date_gmt":"2022-10-18T08:18:59","guid":{"rendered":"https:\/\/monin.ch\/produkt\/fresh-garden-2\/"},"modified":"2022-10-18T10:18:59","modified_gmt":"2022-10-18T08:18:59","slug":"fresh-garden-2","status":"publish","type":"product","link":"https:\/\/monin.ch\/fr\/produkt\/fresh-garden-2\/","title":{"rendered":"Fresh Garden"},"content":{"rendered":"","protected":false},"excerpt":{"rendered":"<h1>Fresh Garden<\/h1>\n<p><strong>Ingr\u00e9dients:<\/strong><br \/>\n20 ml de MONIN Sirop Basilic<br \/>\n20 ml de MONIN Sirop Concombre<br \/>\n60 ml de MONIN Concentr\u00e9 Lemonade Mix<br \/>\nEau ou soda<\/p>\n<p><strong>Pr\u00e9paration:<\/strong><br \/>\nVerse tous les ingr\u00e9dients dans un verre rempli de gla\u00e7ons et d\u00e9core avec des tomates cerises et des feuilles de basilic.<\/p>\n<p><strong>Astuce d\u00e9co:<\/strong><br \/>\nTomates cerises<br \/>\nFeuilles de basilic<\/p>\n","protected":false},"featured_media":1826,"comment_status":"closed","ping_status":"closed","template":"","meta":[],"product_brand":[],"product_cat":[484],"product_tag":[],"class_list":{"0":"post-2375","1":"product","2":"type-product","3":"status-publish","4":"has-post-thumbnail","6":"product_cat-les-cocktails","7":"pa_cocktails-mocktails-mocktail-fr","9":"first","10":"instock","11":"shipping-taxable","12":"product-type-simple"},"_links":{"self":[{"href":"https:\/\/monin.ch\/fr\/wp-json\/wp\/v2\/product\/2375","targetHints":{"allow":["GET"]}}],"collection":[{"href":"https:\/\/monin.ch\/fr\/wp-json\/wp\/v2\/product"}],"about":[{"href":"https:\/\/monin.ch\/fr\/wp-json\/wp\/v2\/types\/product"}],"replies":[{"embeddable":true,"href":"https:\/\/monin.ch\/fr\/wp-json\/wp\/v2\/comments?post=2375"}],"wp:featuredmedia":[{"embeddable":true,"href":"https:\/\/monin.ch\/fr\/wp-json\/wp\/v2\/media\/1826"}],"wp:attachment":[{"href":"https:\/\/monin.ch\/fr\/wp-json\/wp\/v2\/media?parent=2375"}],"wp:term":[{"taxonomy":"product_brand","embeddable":true,"href":"https:\/\/monin.ch\/fr\/wp-json\/wp\/v2\/product_brand?post=2375"},{"taxonomy":"product_cat","embeddable":true,"href":"https:\/\/monin.ch\/fr\/wp-json\/wp\/v2\/product_cat?post=2375"},{"taxonomy":"product_tag","embeddable":true,"href":"https:\/\/monin.ch\/fr\/wp-json\/wp\/v2\/product_tag?post=2375"}],"curies":[{"name":"wp","href":"https:\/\/api.w.org\/{rel}","templated":true}]}}