{"id":2381,"date":"2022-10-18T09:54:41","date_gmt":"2022-10-18T07:54:41","guid":{"rendered":"https:\/\/monin.ch\/produkt\/green-park-fizz-2\/"},"modified":"2022-10-18T09:54:41","modified_gmt":"2022-10-18T07:54:41","slug":"green-park-fizz-2","status":"publish","type":"product","link":"https:\/\/monin.ch\/fr\/produkt\/green-park-fizz-2\/","title":{"rendered":"Green Park Fizz"},"content":{"rendered":"","protected":false},"excerpt":{"rendered":"<h1>Green Park Fizz<\/h1>\n<p><strong>Ingr\u00e9dients:<\/strong><br \/>\n20 ml de MONIN Sirop Concombre<br \/>\n40 ml de Jsotta Bianco<br \/>\n15 ml de jus de citron vert<br \/>\n80 ml Tonic<\/p>\n<p><strong>Pr\u00e9paration:<\/strong><br \/>\nVerse tous les ingr\u00e9dients dans un verre copa ou \u00e0 vin rempli de gla\u00e7ons.<\/p>\n<p><strong>Astuce d\u00e9co:<\/strong><br \/>\nTranches de concombre<\/p>\n","protected":false},"featured_media":1821,"comment_status":"closed","ping_status":"closed","template":"","meta":[],"product_brand":[],"product_cat":[484],"product_tag":[],"class_list":{"0":"post-2381","1":"product","2":"type-product","3":"status-publish","4":"has-post-thumbnail","6":"product_cat-les-cocktails","7":"pa_cocktails-mocktails-cocktail-fr","9":"first","10":"instock","11":"shipping-taxable","12":"product-type-simple"},"_links":{"self":[{"href":"https:\/\/monin.ch\/fr\/wp-json\/wp\/v2\/product\/2381","targetHints":{"allow":["GET"]}}],"collection":[{"href":"https:\/\/monin.ch\/fr\/wp-json\/wp\/v2\/product"}],"about":[{"href":"https:\/\/monin.ch\/fr\/wp-json\/wp\/v2\/types\/product"}],"replies":[{"embeddable":true,"href":"https:\/\/monin.ch\/fr\/wp-json\/wp\/v2\/comments?post=2381"}],"wp:featuredmedia":[{"embeddable":true,"href":"https:\/\/monin.ch\/fr\/wp-json\/wp\/v2\/media\/1821"}],"wp:attachment":[{"href":"https:\/\/monin.ch\/fr\/wp-json\/wp\/v2\/media?parent=2381"}],"wp:term":[{"taxonomy":"product_brand","embeddable":true,"href":"https:\/\/monin.ch\/fr\/wp-json\/wp\/v2\/product_brand?post=2381"},{"taxonomy":"product_cat","embeddable":true,"href":"https:\/\/monin.ch\/fr\/wp-json\/wp\/v2\/product_cat?post=2381"},{"taxonomy":"product_tag","embeddable":true,"href":"https:\/\/monin.ch\/fr\/wp-json\/wp\/v2\/product_tag?post=2381"}],"curies":[{"name":"wp","href":"https:\/\/api.w.org\/{rel}","templated":true}]}}