{"id":2382,"date":"2023-10-23T17:09:35","date_gmt":"2023-10-23T15:09:35","guid":{"rendered":"https:\/\/monin.ch\/produkt\/grog-2\/"},"modified":"2023-10-23T17:09:35","modified_gmt":"2023-10-23T15:09:35","slug":"grog-2","status":"publish","type":"product","link":"https:\/\/monin.ch\/fr\/produkt\/grog-2\/","title":{"rendered":"Grog"},"content":{"rendered":"","protected":false},"excerpt":{"rendered":"<h1>Grog<\/h1>\n<p><strong>Ingr\u00e9dients:<\/strong><br \/>\n30 ml de MONIN Sirop*<br \/>\n20 ml de MONIN Concentr\u00e9 Lemonade Mix<br \/>\n40 ml de rhum Kraken Black Spiced<br \/>\nCompl\u00e8te avec de l\u2019eau chaude.<\/p>\n<p><strong>Astuce d\u00e9co:<\/strong><br \/>\nB\u00e2tonnet de cannelle<br \/>\nClous de girofle<br \/>\nOranges<\/p>\n<p><strong>*MONIN Sirops adapt\u00e9s<\/strong><br \/>\nFruit de la Passion<br \/>\nMandarine<br \/>\nMangue<br \/>\nSpicy (\u00e9pic\u00e9)<br \/>\nMangue \u00c9pices (tr\u00e8s \u00e9pic\u00e9)<\/p>\n","protected":false},"featured_media":1883,"comment_status":"closed","ping_status":"closed","template":"","meta":[],"product_brand":[],"product_cat":[484],"product_tag":[],"class_list":{"0":"post-2382","1":"product","2":"type-product","3":"status-publish","4":"has-post-thumbnail","6":"product_cat-les-cocktails","7":"pa_cocktails-mocktails-cocktail-fr","9":"first","10":"instock","11":"shipping-taxable","12":"product-type-simple"},"_links":{"self":[{"href":"https:\/\/monin.ch\/fr\/wp-json\/wp\/v2\/product\/2382","targetHints":{"allow":["GET"]}}],"collection":[{"href":"https:\/\/monin.ch\/fr\/wp-json\/wp\/v2\/product"}],"about":[{"href":"https:\/\/monin.ch\/fr\/wp-json\/wp\/v2\/types\/product"}],"replies":[{"embeddable":true,"href":"https:\/\/monin.ch\/fr\/wp-json\/wp\/v2\/comments?post=2382"}],"wp:featuredmedia":[{"embeddable":true,"href":"https:\/\/monin.ch\/fr\/wp-json\/wp\/v2\/media\/1883"}],"wp:attachment":[{"href":"https:\/\/monin.ch\/fr\/wp-json\/wp\/v2\/media?parent=2382"}],"wp:term":[{"taxonomy":"product_brand","embeddable":true,"href":"https:\/\/monin.ch\/fr\/wp-json\/wp\/v2\/product_brand?post=2382"},{"taxonomy":"product_cat","embeddable":true,"href":"https:\/\/monin.ch\/fr\/wp-json\/wp\/v2\/product_cat?post=2382"},{"taxonomy":"product_tag","embeddable":true,"href":"https:\/\/monin.ch\/fr\/wp-json\/wp\/v2\/product_tag?post=2382"}],"curies":[{"name":"wp","href":"https:\/\/api.w.org\/{rel}","templated":true}]}}