{"id":2389,"date":"2023-10-24T10:38:39","date_gmt":"2023-10-24T08:38:39","guid":{"rendered":"https:\/\/monin.ch\/produkt\/chai-latte-glace\/"},"modified":"2024-05-06T15:46:16","modified_gmt":"2024-05-06T13:46:16","slug":"chai-latte-glace","status":"publish","type":"product","link":"https:\/\/monin.ch\/fr\/produkt\/chai-latte-glace\/","title":{"rendered":"Cha\u00ef Latte Glac\u00e9"},"content":{"rendered":"","protected":false},"excerpt":{"rendered":"<h1>Cha\u00ef Latte Glac\u00e9<\/h1>\n<p><strong>Ingr\u00e9dients:<\/strong><br \/>\n30 ml de MONIN Concentr\u00e9 Th\u00e9 Cha\u00ef<br \/>\n180 ml de lait froid<\/p>\n<p><strong>Pr\u00e9paration:<\/strong><br \/>\nVerse tous les ingr\u00e9dients dans un verre rempli de gla\u00e7ons et m\u00e9lange.<\/p>\n<p><strong>Astuce d\u00e9co:<\/strong><br \/>\nCannelle en poudre<\/p>\n","protected":false},"featured_media":2609,"comment_status":"closed","ping_status":"closed","template":"","meta":[],"product_brand":[],"product_cat":[484],"product_tag":[790],"class_list":{"0":"post-2389","1":"product","2":"type-product","3":"status-publish","4":"has-post-thumbnail","6":"product_cat-les-cocktails","7":"product_tag-chai-latte-glace","8":"pa_cocktails-mocktails-mocktail-fr","10":"first","11":"instock","12":"shipping-taxable","13":"product-type-simple"},"_links":{"self":[{"href":"https:\/\/monin.ch\/fr\/wp-json\/wp\/v2\/product\/2389","targetHints":{"allow":["GET"]}}],"collection":[{"href":"https:\/\/monin.ch\/fr\/wp-json\/wp\/v2\/product"}],"about":[{"href":"https:\/\/monin.ch\/fr\/wp-json\/wp\/v2\/types\/product"}],"replies":[{"embeddable":true,"href":"https:\/\/monin.ch\/fr\/wp-json\/wp\/v2\/comments?post=2389"}],"wp:featuredmedia":[{"embeddable":true,"href":"https:\/\/monin.ch\/fr\/wp-json\/wp\/v2\/media\/2609"}],"wp:attachment":[{"href":"https:\/\/monin.ch\/fr\/wp-json\/wp\/v2\/media?parent=2389"}],"wp:term":[{"taxonomy":"product_brand","embeddable":true,"href":"https:\/\/monin.ch\/fr\/wp-json\/wp\/v2\/product_brand?post=2389"},{"taxonomy":"product_cat","embeddable":true,"href":"https:\/\/monin.ch\/fr\/wp-json\/wp\/v2\/product_cat?post=2389"},{"taxonomy":"product_tag","embeddable":true,"href":"https:\/\/monin.ch\/fr\/wp-json\/wp\/v2\/product_tag?post=2389"}],"curies":[{"name":"wp","href":"https:\/\/api.w.org\/{rel}","templated":true}]}}