{"id":2396,"date":"2023-10-24T10:58:38","date_gmt":"2023-10-24T08:58:38","guid":{"rendered":"https:\/\/monin.ch\/produkt\/latte-citrouille-epicee\/"},"modified":"2023-10-24T10:58:38","modified_gmt":"2023-10-24T08:58:38","slug":"latte-citrouille-epicee","status":"publish","type":"product","link":"https:\/\/monin.ch\/fr\/produkt\/latte-citrouille-epicee\/","title":{"rendered":"Latte Citrouille \u00c9pic\u00e9e"},"content":{"rendered":"","protected":false},"excerpt":{"rendered":"<h1>Latte Citrouille \u00c9pic\u00e9e<\/h1>\n<p><strong>Ingr\u00e9dients:<\/strong><br \/>\n20 ml de MONIN Sirop Citrouille \u00c9pic\u00e9e<br \/>\n120 ml de lait mouss\u00e9<br \/>\n1 espresso<\/p>\n<p><strong>Astuce d\u00e9co:<\/strong><br \/>\nCannelle en poudre<\/p>\n","protected":false},"featured_media":1891,"comment_status":"closed","ping_status":"closed","template":"","meta":[],"product_brand":[],"product_cat":[484],"product_tag":[],"class_list":{"0":"post-2396","1":"product","2":"type-product","3":"status-publish","4":"has-post-thumbnail","6":"product_cat-les-cocktails","7":"pa_cocktails-mocktails-mocktail-fr","9":"first","10":"instock","11":"shipping-taxable","12":"product-type-simple"},"_links":{"self":[{"href":"https:\/\/monin.ch\/fr\/wp-json\/wp\/v2\/product\/2396","targetHints":{"allow":["GET"]}}],"collection":[{"href":"https:\/\/monin.ch\/fr\/wp-json\/wp\/v2\/product"}],"about":[{"href":"https:\/\/monin.ch\/fr\/wp-json\/wp\/v2\/types\/product"}],"replies":[{"embeddable":true,"href":"https:\/\/monin.ch\/fr\/wp-json\/wp\/v2\/comments?post=2396"}],"wp:featuredmedia":[{"embeddable":true,"href":"https:\/\/monin.ch\/fr\/wp-json\/wp\/v2\/media\/1891"}],"wp:attachment":[{"href":"https:\/\/monin.ch\/fr\/wp-json\/wp\/v2\/media?parent=2396"}],"wp:term":[{"taxonomy":"product_brand","embeddable":true,"href":"https:\/\/monin.ch\/fr\/wp-json\/wp\/v2\/product_brand?post=2396"},{"taxonomy":"product_cat","embeddable":true,"href":"https:\/\/monin.ch\/fr\/wp-json\/wp\/v2\/product_cat?post=2396"},{"taxonomy":"product_tag","embeddable":true,"href":"https:\/\/monin.ch\/fr\/wp-json\/wp\/v2\/product_tag?post=2396"}],"curies":[{"name":"wp","href":"https:\/\/api.w.org\/{rel}","templated":true}]}}