{"id":2403,"date":"2022-10-18T09:47:33","date_gmt":"2022-10-18T07:47:33","guid":{"rendered":"https:\/\/monin.ch\/produkt\/virgin-apero-spritz-2\/"},"modified":"2022-10-18T09:47:33","modified_gmt":"2022-10-18T07:47:33","slug":"virgin-apero-spritz-2","status":"publish","type":"product","link":"https:\/\/monin.ch\/fr\/produkt\/virgin-apero-spritz-2\/","title":{"rendered":"Virgin Ap\u00e9ro Spritz"},"content":{"rendered":"","protected":false},"excerpt":{"rendered":"<h1>Virgin Ap\u00e9ro Spritz<\/h1>\n<p><strong>Ingr\u00e9dients:<\/strong><br \/>\n20 ml de MONIN Sirop Orange Spritz<br \/>\n200 ml d\u2019eau p\u00e9tillante ou de tonic<\/p>\n<p><strong>Pr\u00e9paration:<\/strong><br \/>\nVerse tous les ingr\u00e9dients dans un verre \u00e0 vin rempli de gla\u00e7ons.<\/p>\n<p><strong>Astuce d\u00e9co:<\/strong><br \/>\nDemi-tranche d\u2019orange<\/p>\n","protected":false},"featured_media":1819,"comment_status":"closed","ping_status":"closed","template":"","meta":[],"product_brand":[],"product_cat":[484],"product_tag":[],"class_list":{"0":"post-2403","1":"product","2":"type-product","3":"status-publish","4":"has-post-thumbnail","6":"product_cat-les-cocktails","7":"pa_cocktails-mocktails-mocktail-fr","9":"first","10":"instock","11":"shipping-taxable","12":"product-type-simple"},"_links":{"self":[{"href":"https:\/\/monin.ch\/fr\/wp-json\/wp\/v2\/product\/2403","targetHints":{"allow":["GET"]}}],"collection":[{"href":"https:\/\/monin.ch\/fr\/wp-json\/wp\/v2\/product"}],"about":[{"href":"https:\/\/monin.ch\/fr\/wp-json\/wp\/v2\/types\/product"}],"replies":[{"embeddable":true,"href":"https:\/\/monin.ch\/fr\/wp-json\/wp\/v2\/comments?post=2403"}],"wp:featuredmedia":[{"embeddable":true,"href":"https:\/\/monin.ch\/fr\/wp-json\/wp\/v2\/media\/1819"}],"wp:attachment":[{"href":"https:\/\/monin.ch\/fr\/wp-json\/wp\/v2\/media?parent=2403"}],"wp:term":[{"taxonomy":"product_brand","embeddable":true,"href":"https:\/\/monin.ch\/fr\/wp-json\/wp\/v2\/product_brand?post=2403"},{"taxonomy":"product_cat","embeddable":true,"href":"https:\/\/monin.ch\/fr\/wp-json\/wp\/v2\/product_cat?post=2403"},{"taxonomy":"product_tag","embeddable":true,"href":"https:\/\/monin.ch\/fr\/wp-json\/wp\/v2\/product_tag?post=2403"}],"curies":[{"name":"wp","href":"https:\/\/api.w.org\/{rel}","templated":true}]}}