{"id":2412,"date":"2022-10-17T16:38:49","date_gmt":"2022-10-17T14:38:49","guid":{"rendered":"https:\/\/monin.ch\/produkt\/grog-epices-dhiver\/"},"modified":"2022-10-17T16:38:49","modified_gmt":"2022-10-17T14:38:49","slug":"grog-epices-dhiver","status":"publish","type":"product","link":"https:\/\/monin.ch\/fr\/produkt\/grog-epices-dhiver\/","title":{"rendered":"Grog \u00c9pices d\u2019Hiver"},"content":{"rendered":"","protected":false},"excerpt":{"rendered":"<h1>Grog \u00c9pices d\u2019Hiver<\/h1>\n<p><strong>Ingr\u00e9dients:<\/strong><br \/>\n50 ml de MONIN Concentr\u00e9 Limonade Mix<br \/>\n20 ml de MONIN Sirop \u00c9pices d\u2019Hiver<br \/>\n40 ml de rhum blanc<br \/>\n120 ml d\u2019eau chaude<\/p>\n<p><strong>Pr\u00e9paration:<\/strong><br \/>\nVerse tous les ingr\u00e9dients dans un verre r\u00e9sistant \u00e0 la chaleur.<\/p>\n<p><strong>Astuce d\u00e9co:<\/strong><br \/>\nAnis \u00e9toil\u00e9<br \/>\nB\u00e2tonnet de cannelle<br \/>\nTranche de citron<\/p>\n","protected":false},"featured_media":1811,"comment_status":"closed","ping_status":"closed","template":"","meta":[],"product_brand":[],"product_cat":[484],"product_tag":[],"class_list":{"0":"post-2412","1":"product","2":"type-product","3":"status-publish","4":"has-post-thumbnail","6":"product_cat-les-cocktails","7":"pa_cocktails-mocktails-cocktail-fr","9":"first","10":"instock","11":"shipping-taxable","12":"product-type-simple"},"_links":{"self":[{"href":"https:\/\/monin.ch\/fr\/wp-json\/wp\/v2\/product\/2412","targetHints":{"allow":["GET"]}}],"collection":[{"href":"https:\/\/monin.ch\/fr\/wp-json\/wp\/v2\/product"}],"about":[{"href":"https:\/\/monin.ch\/fr\/wp-json\/wp\/v2\/types\/product"}],"replies":[{"embeddable":true,"href":"https:\/\/monin.ch\/fr\/wp-json\/wp\/v2\/comments?post=2412"}],"wp:featuredmedia":[{"embeddable":true,"href":"https:\/\/monin.ch\/fr\/wp-json\/wp\/v2\/media\/1811"}],"wp:attachment":[{"href":"https:\/\/monin.ch\/fr\/wp-json\/wp\/v2\/media?parent=2412"}],"wp:term":[{"taxonomy":"product_brand","embeddable":true,"href":"https:\/\/monin.ch\/fr\/wp-json\/wp\/v2\/product_brand?post=2412"},{"taxonomy":"product_cat","embeddable":true,"href":"https:\/\/monin.ch\/fr\/wp-json\/wp\/v2\/product_cat?post=2412"},{"taxonomy":"product_tag","embeddable":true,"href":"https:\/\/monin.ch\/fr\/wp-json\/wp\/v2\/product_tag?post=2412"}],"curies":[{"name":"wp","href":"https:\/\/api.w.org\/{rel}","templated":true}]}}