{"id":2484,"date":"2024-03-26T09:38:06","date_gmt":"2024-03-26T08:38:06","guid":{"rendered":"https:\/\/monin.ch\/produkt\/latte-roule-a-la-canelle\/"},"modified":"2024-03-26T09:38:06","modified_gmt":"2024-03-26T08:38:06","slug":"latte-roule-a-la-canelle","status":"publish","type":"product","link":"https:\/\/monin.ch\/fr\/produkt\/latte-roule-a-la-canelle\/","title":{"rendered":"Latte Roul\u00e9 \u00e0 la Canelle"},"content":{"rendered":"","protected":false},"excerpt":{"rendered":"<h1>Latte Roul\u00e9 \u00e0 la Canelle<\/h1>\n<p><strong>Ingr\u00e9dients:<\/strong><br \/>\n20 ml MONIN Sirop Roul\u00e9 \u00e0 la Cannelle<br \/>\n120 ml Lait mouss\u00e9<br \/>\n1 Espresso<\/p>\n","protected":false},"featured_media":2180,"comment_status":"closed","ping_status":"closed","template":"","meta":[],"product_brand":[],"product_cat":[484],"product_tag":[],"class_list":{"0":"post-2484","1":"product","2":"type-product","3":"status-publish","4":"has-post-thumbnail","6":"product_cat-les-cocktails","7":"pa_cocktails-mocktails-mocktail-fr","9":"first","10":"instock","11":"shipping-taxable","12":"product-type-simple"},"_links":{"self":[{"href":"https:\/\/monin.ch\/fr\/wp-json\/wp\/v2\/product\/2484","targetHints":{"allow":["GET"]}}],"collection":[{"href":"https:\/\/monin.ch\/fr\/wp-json\/wp\/v2\/product"}],"about":[{"href":"https:\/\/monin.ch\/fr\/wp-json\/wp\/v2\/types\/product"}],"replies":[{"embeddable":true,"href":"https:\/\/monin.ch\/fr\/wp-json\/wp\/v2\/comments?post=2484"}],"wp:featuredmedia":[{"embeddable":true,"href":"https:\/\/monin.ch\/fr\/wp-json\/wp\/v2\/media\/2180"}],"wp:attachment":[{"href":"https:\/\/monin.ch\/fr\/wp-json\/wp\/v2\/media?parent=2484"}],"wp:term":[{"taxonomy":"product_brand","embeddable":true,"href":"https:\/\/monin.ch\/fr\/wp-json\/wp\/v2\/product_brand?post=2484"},{"taxonomy":"product_cat","embeddable":true,"href":"https:\/\/monin.ch\/fr\/wp-json\/wp\/v2\/product_cat?post=2484"},{"taxonomy":"product_tag","embeddable":true,"href":"https:\/\/monin.ch\/fr\/wp-json\/wp\/v2\/product_tag?post=2484"}],"curies":[{"name":"wp","href":"https:\/\/api.w.org\/{rel}","templated":true}]}}