{"id":2615,"date":"2024-05-06T10:56:40","date_gmt":"2024-05-06T08:56:40","guid":{"rendered":"https:\/\/monin.ch\/produkt\/the-glace-marrakech\/"},"modified":"2024-05-06T15:26:00","modified_gmt":"2024-05-06T13:26:00","slug":"the-glace-marrakech","status":"publish","type":"product","link":"https:\/\/monin.ch\/fr\/produkt\/the-glace-marrakech\/","title":{"rendered":"Th\u00e9 glac\u00e9 Marrakech"},"content":{"rendered":"","protected":false},"excerpt":{"rendered":"<h1>Th\u00e9 glac\u00e9 Marrakech<\/h1>\n<p><strong>Ingr\u00e9dients:<\/strong><br \/>\n20 ml MONIN Concentr\u00e9 Th\u00e9 Citron<br \/>\n20ml MONIN Mojito Mint Sirup<br \/>\n180 ml d\u2019eau<\/p>\n<p><strong>Pr\u00e9paration:<\/strong><br \/>\nVerse tous les ingr\u00e9dients dans un grand verre rempli de gla\u00e7ons et m\u00e9lange.<\/p>\n<p><strong>Astuce d\u00e9co:<\/strong><br \/>\nTranches de citron et feuilles de menthe fra\u00eeche<\/p>\n","protected":false},"featured_media":2581,"comment_status":"closed","ping_status":"closed","template":"","meta":[],"product_brand":[],"product_cat":[484],"product_tag":[777],"class_list":{"0":"post-2615","1":"product","2":"type-product","3":"status-publish","4":"has-post-thumbnail","6":"product_cat-les-cocktails","7":"product_tag-the-glace-marrakech","8":"pa_cocktails-mocktails-mocktail-fr","10":"first","11":"instock","12":"shipping-taxable","13":"product-type-simple"},"_links":{"self":[{"href":"https:\/\/monin.ch\/fr\/wp-json\/wp\/v2\/product\/2615","targetHints":{"allow":["GET"]}}],"collection":[{"href":"https:\/\/monin.ch\/fr\/wp-json\/wp\/v2\/product"}],"about":[{"href":"https:\/\/monin.ch\/fr\/wp-json\/wp\/v2\/types\/product"}],"replies":[{"embeddable":true,"href":"https:\/\/monin.ch\/fr\/wp-json\/wp\/v2\/comments?post=2615"}],"wp:featuredmedia":[{"embeddable":true,"href":"https:\/\/monin.ch\/fr\/wp-json\/wp\/v2\/media\/2581"}],"wp:attachment":[{"href":"https:\/\/monin.ch\/fr\/wp-json\/wp\/v2\/media?parent=2615"}],"wp:term":[{"taxonomy":"product_brand","embeddable":true,"href":"https:\/\/monin.ch\/fr\/wp-json\/wp\/v2\/product_brand?post=2615"},{"taxonomy":"product_cat","embeddable":true,"href":"https:\/\/monin.ch\/fr\/wp-json\/wp\/v2\/product_cat?post=2615"},{"taxonomy":"product_tag","embeddable":true,"href":"https:\/\/monin.ch\/fr\/wp-json\/wp\/v2\/product_tag?post=2615"}],"curies":[{"name":"wp","href":"https:\/\/api.w.org\/{rel}","templated":true}]}}