{"id":2616,"date":"2024-05-06T11:06:18","date_gmt":"2024-05-06T09:06:18","guid":{"rendered":"https:\/\/monin.ch\/produkt\/cafe-glace\/"},"modified":"2024-05-07T09:30:32","modified_gmt":"2024-05-07T07:30:32","slug":"cafe-glace","status":"publish","type":"product","link":"https:\/\/monin.ch\/fr\/produkt\/cafe-glace\/","title":{"rendered":"Caf\u00e9 glac\u00e9"},"content":{"rendered":"","protected":false},"excerpt":{"rendered":"<h1>Caf\u00e9 glac\u00e9<\/h1>\n<p><strong>Ingr\u00e9dients:<\/strong><br \/>\n20 ml de MONIN Sirop*<br \/>\n100 ml de lait froid<br \/>\nDouble espresso<\/p>\n<p><strong>Pr\u00e9paration:<\/strong><br \/>\nRemplis un verre de gla\u00e7on. Verse le MONIN Sirop dessus. Ajoute le lait,<br \/>\npuis l\u2019espresso en douceur.<\/p>\n<p><strong>Astuce d\u00e9co:<\/strong><br \/>\nCompl\u00e8te selon tes envies.<\/p>\n<p><strong>*MONIN Sirops adapt\u00e9s<\/strong><br \/>\nRoul\u00e9 \u00e0 la Cannelle<br \/>\nCaramel Sal\u00e9<br \/>\nNoix de Coco<br \/>\nFraise<br \/>\nCaramel sans sucre et plus encore<\/p>\n","protected":false},"featured_media":2587,"comment_status":"closed","ping_status":"closed","template":"","meta":[],"product_brand":[],"product_cat":[484],"product_tag":[778],"class_list":{"0":"post-2616","1":"product","2":"type-product","3":"status-publish","4":"has-post-thumbnail","6":"product_cat-les-cocktails","7":"product_tag-cafe-glace","8":"pa_cocktails-mocktails-mocktail-fr","10":"first","11":"instock","12":"shipping-taxable","13":"product-type-simple"},"_links":{"self":[{"href":"https:\/\/monin.ch\/fr\/wp-json\/wp\/v2\/product\/2616","targetHints":{"allow":["GET"]}}],"collection":[{"href":"https:\/\/monin.ch\/fr\/wp-json\/wp\/v2\/product"}],"about":[{"href":"https:\/\/monin.ch\/fr\/wp-json\/wp\/v2\/types\/product"}],"replies":[{"embeddable":true,"href":"https:\/\/monin.ch\/fr\/wp-json\/wp\/v2\/comments?post=2616"}],"wp:featuredmedia":[{"embeddable":true,"href":"https:\/\/monin.ch\/fr\/wp-json\/wp\/v2\/media\/2587"}],"wp:attachment":[{"href":"https:\/\/monin.ch\/fr\/wp-json\/wp\/v2\/media?parent=2616"}],"wp:term":[{"taxonomy":"product_brand","embeddable":true,"href":"https:\/\/monin.ch\/fr\/wp-json\/wp\/v2\/product_brand?post=2616"},{"taxonomy":"product_cat","embeddable":true,"href":"https:\/\/monin.ch\/fr\/wp-json\/wp\/v2\/product_cat?post=2616"},{"taxonomy":"product_tag","embeddable":true,"href":"https:\/\/monin.ch\/fr\/wp-json\/wp\/v2\/product_tag?post=2616"}],"curies":[{"name":"wp","href":"https:\/\/api.w.org\/{rel}","templated":true}]}}