{"id":2617,"date":"2024-05-06T11:12:58","date_gmt":"2024-05-06T09:12:58","guid":{"rendered":"https:\/\/monin.ch\/produkt\/limonade-fraise-mojito\/"},"modified":"2024-05-16T10:11:06","modified_gmt":"2024-05-16T08:11:06","slug":"limonade-fraise-mojito","status":"publish","type":"product","link":"https:\/\/monin.ch\/fr\/produkt\/limonade-fraise-mojito\/","title":{"rendered":"Limonade Fraise Nojito"},"content":{"rendered":"","protected":false},"excerpt":{"rendered":"<h1>Limonade Fraise Nojito<\/h1>\n<p><strong>Ingr\u00e9dients:<\/strong><br \/>\n20 ml de MONIN Concentr\u00e9 Lemonade Mix<br \/>\n10 ml de MONIN Sirop Mojito Mint<br \/>\n15 ml de MONIN Le Fruit Fraise<br \/>\nCompl\u00e8te avec de l\u2019eau<\/p>\n<p><strong>Pr\u00e9paration:<\/strong><br \/>\nVerse tous les ingr\u00e9dients dans un verre rempli de gla\u00e7ons et m\u00e9lange.<\/p>\n<p><strong>Astuce d\u00e9co:<\/strong><br \/>\nFeuilles de menthe fra\u00eeche, citrons verts et fraises<\/p>\n","protected":false},"featured_media":2594,"comment_status":"closed","ping_status":"closed","template":"","meta":[],"product_brand":[],"product_cat":[484],"product_tag":[],"class_list":{"0":"post-2617","1":"product","2":"type-product","3":"status-publish","4":"has-post-thumbnail","6":"product_cat-les-cocktails","7":"pa_cocktails-mocktails-mocktail-fr","9":"first","10":"instock","11":"shipping-taxable","12":"product-type-simple"},"_links":{"self":[{"href":"https:\/\/monin.ch\/fr\/wp-json\/wp\/v2\/product\/2617","targetHints":{"allow":["GET"]}}],"collection":[{"href":"https:\/\/monin.ch\/fr\/wp-json\/wp\/v2\/product"}],"about":[{"href":"https:\/\/monin.ch\/fr\/wp-json\/wp\/v2\/types\/product"}],"replies":[{"embeddable":true,"href":"https:\/\/monin.ch\/fr\/wp-json\/wp\/v2\/comments?post=2617"}],"wp:featuredmedia":[{"embeddable":true,"href":"https:\/\/monin.ch\/fr\/wp-json\/wp\/v2\/media\/2594"}],"wp:attachment":[{"href":"https:\/\/monin.ch\/fr\/wp-json\/wp\/v2\/media?parent=2617"}],"wp:term":[{"taxonomy":"product_brand","embeddable":true,"href":"https:\/\/monin.ch\/fr\/wp-json\/wp\/v2\/product_brand?post=2617"},{"taxonomy":"product_cat","embeddable":true,"href":"https:\/\/monin.ch\/fr\/wp-json\/wp\/v2\/product_cat?post=2617"},{"taxonomy":"product_tag","embeddable":true,"href":"https:\/\/monin.ch\/fr\/wp-json\/wp\/v2\/product_tag?post=2617"}],"curies":[{"name":"wp","href":"https:\/\/api.w.org\/{rel}","templated":true}]}}