{"id":2619,"date":"2024-05-06T11:24:33","date_gmt":"2024-05-06T09:24:33","guid":{"rendered":"https:\/\/monin.ch\/produkt\/vodka-spritz\/"},"modified":"2024-05-07T09:36:21","modified_gmt":"2024-05-07T07:36:21","slug":"vodka-spritz","status":"publish","type":"product","link":"https:\/\/monin.ch\/fr\/produkt\/vodka-spritz\/","title":{"rendered":"Vodka Spritz"},"content":{"rendered":"","protected":false},"excerpt":{"rendered":"<h1>Vodka Spritz<\/h1>\n<p><strong>Ingr\u00e9dients:<\/strong><br \/>\n40 ml de vodka<br \/>\n40 ml de MONIN Concentr\u00e9 Lemonade Mix<br \/>\n20 ml de MONIN Sirop*<br \/>\nEau min\u00e9rale<\/p>\n<p><strong>Pr\u00e9paration:<\/strong><br \/>\nVerse tous les ingr\u00e9dients dans un grand verre \u00e0 vin rempli de gla\u00e7ons.<\/p>\n<p><strong>Astuce d\u00e9co:<\/strong><br \/>\nCompl\u00e8te selon tes envies.<\/p>\n<p><strong>*MONIN Sirops adapt\u00e9s<\/strong><br \/>\nPamplemousse Rose<br \/>\nMangue<br \/>\nKiwi<br \/>\nFruit de la Passion<br \/>\nPast\u00e8que<br \/>\nAnanas<br \/>\nFraise<br \/>\net plus encore<\/p>\n","protected":false},"featured_media":2598,"comment_status":"closed","ping_status":"closed","template":"","meta":[],"product_brand":[],"product_cat":[484],"product_tag":[784],"class_list":{"0":"post-2619","1":"product","2":"type-product","3":"status-publish","4":"has-post-thumbnail","6":"product_cat-les-cocktails","7":"product_tag-vodka-spritz-fr","8":"pa_cocktails-mocktails-cocktail-fr","10":"first","11":"instock","12":"shipping-taxable","13":"product-type-simple"},"_links":{"self":[{"href":"https:\/\/monin.ch\/fr\/wp-json\/wp\/v2\/product\/2619","targetHints":{"allow":["GET"]}}],"collection":[{"href":"https:\/\/monin.ch\/fr\/wp-json\/wp\/v2\/product"}],"about":[{"href":"https:\/\/monin.ch\/fr\/wp-json\/wp\/v2\/types\/product"}],"replies":[{"embeddable":true,"href":"https:\/\/monin.ch\/fr\/wp-json\/wp\/v2\/comments?post=2619"}],"wp:featuredmedia":[{"embeddable":true,"href":"https:\/\/monin.ch\/fr\/wp-json\/wp\/v2\/media\/2598"}],"wp:attachment":[{"href":"https:\/\/monin.ch\/fr\/wp-json\/wp\/v2\/media?parent=2619"}],"wp:term":[{"taxonomy":"product_brand","embeddable":true,"href":"https:\/\/monin.ch\/fr\/wp-json\/wp\/v2\/product_brand?post=2619"},{"taxonomy":"product_cat","embeddable":true,"href":"https:\/\/monin.ch\/fr\/wp-json\/wp\/v2\/product_cat?post=2619"},{"taxonomy":"product_tag","embeddable":true,"href":"https:\/\/monin.ch\/fr\/wp-json\/wp\/v2\/product_tag?post=2619"}],"curies":[{"name":"wp","href":"https:\/\/api.w.org\/{rel}","templated":true}]}}