{"id":2621,"date":"2024-05-06T11:38:49","date_gmt":"2024-05-06T09:38:49","guid":{"rendered":"https:\/\/monin.ch\/produkt\/caipirinha-aromatisee\/"},"modified":"2024-05-07T09:47:09","modified_gmt":"2024-05-07T07:47:09","slug":"caipirinha-aromatisee","status":"publish","type":"product","link":"https:\/\/monin.ch\/fr\/produkt\/caipirinha-aromatisee\/","title":{"rendered":"Ca\u00efpirinha Aromatis\u00e9e"},"content":{"rendered":"","protected":false},"excerpt":{"rendered":"<h1>Ca\u00efpirinha Aromatis\u00e9e<\/h1>\n<p><strong>Ingr\u00e9dients:<\/strong><br \/>\n40 ml de MONIN LeFruit*<br \/>\n60 ml de Cacha\u00e7a<br \/>\n\u00bd citron vert<\/p>\n<p><strong>Pr\u00e9paration:<\/strong><br \/>\nVerse le citron vert et le MONIN LeFruit dans un verre. Ajoute de la glace pil\u00e9e, puis la Cacha\u00e7a.<\/p>\n<p><strong>Astuce d\u00e9co:<\/strong><br \/>\nFeuilles de menthe fra\u00eeche et citron vert<\/p>\n<p><strong>*MONIN Produits adapt\u00e9s<\/strong><br \/>\nJabuticaba<br \/>\nMangue<br \/>\nFraise<br \/>\nMyrtille<br \/>\nFruit de la Passion<br \/>\nPamplemousse Ruby<br \/>\nFramboise<\/p>\n","protected":false},"featured_media":2577,"comment_status":"closed","ping_status":"closed","template":"","meta":[],"product_brand":[],"product_cat":[484],"product_tag":[788],"class_list":{"0":"post-2621","1":"product","2":"type-product","3":"status-publish","4":"has-post-thumbnail","6":"product_cat-les-cocktails","7":"product_tag-caipirinha-aromatisee","8":"pa_cocktails-mocktails-cocktail-fr","10":"first","11":"instock","12":"shipping-taxable","13":"product-type-simple"},"_links":{"self":[{"href":"https:\/\/monin.ch\/fr\/wp-json\/wp\/v2\/product\/2621","targetHints":{"allow":["GET"]}}],"collection":[{"href":"https:\/\/monin.ch\/fr\/wp-json\/wp\/v2\/product"}],"about":[{"href":"https:\/\/monin.ch\/fr\/wp-json\/wp\/v2\/types\/product"}],"replies":[{"embeddable":true,"href":"https:\/\/monin.ch\/fr\/wp-json\/wp\/v2\/comments?post=2621"}],"wp:featuredmedia":[{"embeddable":true,"href":"https:\/\/monin.ch\/fr\/wp-json\/wp\/v2\/media\/2577"}],"wp:attachment":[{"href":"https:\/\/monin.ch\/fr\/wp-json\/wp\/v2\/media?parent=2621"}],"wp:term":[{"taxonomy":"product_brand","embeddable":true,"href":"https:\/\/monin.ch\/fr\/wp-json\/wp\/v2\/product_brand?post=2621"},{"taxonomy":"product_cat","embeddable":true,"href":"https:\/\/monin.ch\/fr\/wp-json\/wp\/v2\/product_cat?post=2621"},{"taxonomy":"product_tag","embeddable":true,"href":"https:\/\/monin.ch\/fr\/wp-json\/wp\/v2\/product_tag?post=2621"}],"curies":[{"name":"wp","href":"https:\/\/api.w.org\/{rel}","templated":true}]}}