{"id":2622,"date":"2024-05-06T11:53:34","date_gmt":"2024-05-06T09:53:34","guid":{"rendered":"https:\/\/monin.ch\/produkt\/gnuine-spicy-cucumber\/"},"modified":"2024-05-07T11:54:10","modified_gmt":"2024-05-07T09:54:10","slug":"gnuine-spicy-cucumber","status":"publish","type":"product","link":"https:\/\/monin.ch\/fr\/produkt\/gnuine-spicy-cucumber\/","title":{"rendered":"G&rsquo;nuine Spicy Cucumber"},"content":{"rendered":"","protected":false},"excerpt":{"rendered":"<h1>G&rsquo;nuine Spicy Cucumber<\/h1>\n<p><strong>Ingr\u00e9dients:<\/strong><br \/>\n20 ml de MONIN Concentr\u00e9 Gingembre<br \/>\n10 ml de MONIN Sirop Citronnelle<br \/>\n40 ml de <a href=\"https:\/\/topofdrinks.ch\/fr\/A~004820\/G'nuine-Zero-Cucumber-Lemongrass-alkoholfreies-aromatisiertes-Getr%C3%A4nk\" rel=\"noopener\" target=\"_blank\">G\u2019nuine Cucumber Lemongrass<\/a><br \/>\n10 ml de jus de citron vert frais<\/p>\n<p><strong>Pr\u00e9paration:<\/strong><br \/>\nVerse tous les ingr\u00e9dients dans un verre rempli de gla\u00e7ons et m\u00e9lange.<\/p>\n<p><strong>Astuce d\u00e9co:<\/strong><br \/>\nTranches de concombre ou de gingembre<\/p>\n","protected":false},"featured_media":2606,"comment_status":"closed","ping_status":"closed","template":"","meta":[],"product_brand":[],"product_cat":[484],"product_tag":[789],"class_list":{"0":"post-2622","1":"product","2":"type-product","3":"status-publish","4":"has-post-thumbnail","6":"product_cat-les-cocktails","7":"product_tag-gnuine-spicy-cucumber-fr","8":"pa_cocktails-mocktails-mocktail-fr","10":"first","11":"instock","12":"shipping-taxable","13":"product-type-simple"},"_links":{"self":[{"href":"https:\/\/monin.ch\/fr\/wp-json\/wp\/v2\/product\/2622","targetHints":{"allow":["GET"]}}],"collection":[{"href":"https:\/\/monin.ch\/fr\/wp-json\/wp\/v2\/product"}],"about":[{"href":"https:\/\/monin.ch\/fr\/wp-json\/wp\/v2\/types\/product"}],"replies":[{"embeddable":true,"href":"https:\/\/monin.ch\/fr\/wp-json\/wp\/v2\/comments?post=2622"}],"wp:featuredmedia":[{"embeddable":true,"href":"https:\/\/monin.ch\/fr\/wp-json\/wp\/v2\/media\/2606"}],"wp:attachment":[{"href":"https:\/\/monin.ch\/fr\/wp-json\/wp\/v2\/media?parent=2622"}],"wp:term":[{"taxonomy":"product_brand","embeddable":true,"href":"https:\/\/monin.ch\/fr\/wp-json\/wp\/v2\/product_brand?post=2622"},{"taxonomy":"product_cat","embeddable":true,"href":"https:\/\/monin.ch\/fr\/wp-json\/wp\/v2\/product_cat?post=2622"},{"taxonomy":"product_tag","embeddable":true,"href":"https:\/\/monin.ch\/fr\/wp-json\/wp\/v2\/product_tag?post=2622"}],"curies":[{"name":"wp","href":"https:\/\/api.w.org\/{rel}","templated":true}]}}