{"id":2767,"date":"2025-01-20T14:34:06","date_gmt":"2025-01-20T13:34:06","guid":{"rendered":"https:\/\/monin.ch\/?post_type=product&#038;p=2767"},"modified":"2025-03-12T14:56:42","modified_gmt":"2025-03-12T13:56:42","slug":"pina-colada-premix","status":"publish","type":"product","link":"https:\/\/monin.ch\/fr\/produkt\/pina-colada-premix\/","title":{"rendered":"Pi\u00f1a Colada &#8211; Premix"},"content":{"rendered":"","protected":false},"excerpt":{"rendered":"<h1>Pi\u00f1a Colada<\/h1>\n[fusion_table fusion_table_type=\"1\" fusion_table_rows=\"\" fusion_table_columns=\"\" awb-switch-editor-focus=\"\" margin_top=\"\" margin_right=\"\" margin_bottom=\"\" margin_left=\"\" hide_on_mobile=\"small-visibility,medium-visibility,large-visibility\" class=\"\" id=\"\" animation_type=\"\" animation_direction=\"left\" animation_color=\"\" hue=\"\" saturation=\"\" lightness=\"\" alpha=\"\" animation_speed=\"0.3\" animation_delay=\"0\" animation_offset=\"\"]<\/p>\n<div class=\"table-1\">\n<p>&nbsp;<\/p>\n<table width=\"100%\">\n<thead>\n<tr>\n<th align=\"left\"><strong>RECETTE AU MIXEUR<\/strong><\/th>\n<th align=\"left\"><strong>RECETTE AU SHAKER<\/strong><\/th>\n<\/tr>\n<\/thead>\n<tbody>\n<tr>\n<td align=\"left\">\u00b7 M\u00e9lange pour pi\u00f1a colada de<br \/>\n100 ml Le Mixeur de MONIN<br \/>\n\u00b7 50 ml de rhum<\/td>\n<td align=\"left\">\u00b7 M\u00e9lange pour pi\u00f1a colada de 80 ml<br \/>\nLe Mixeur de MONIN<br \/>\n\u00b7 40 ml de rhum<\/td>\n<\/tr>\n<tr>\n<td align=\"left\"><strong>PR\u00c9PARER<\/strong><\/td>\n<td align=\"left\"><strong>PR\u00c9PARER<\/strong><\/td>\n<\/tr>\n<tr>\n<td align=\"left\">\u00b7 Mettre tous les ingr\u00e9dients dans un mixeur<br \/>\n\u00b7 Ajouter 100 g de glace et mixer<br \/>\n\u00b7 Servir dans un verre \u00e0 cocktail \u00e9vas\u00e9<\/td>\n<td align=\"left\">\u00b7 Mettre tous les ingr\u00e9dients dans un shaker<br \/>\n\u00b7 Ajouter 100 g de glace et bien secouer.<br \/>\n\u00b7 Servir dans un verre \u00e0 cocktail \u00e9vas\u00e9<\/td>\n<\/tr>\n<tr>\n<td align=\"left\"><strong>SERVIR<\/strong><\/td>\n<td align=\"left\"><strong>SERVIR<\/strong><\/td>\n<\/tr>\n<tr>\n<td align=\"left\">Avec feuilles et tranches d\u2019ananas<\/td>\n<td align=\"left\">Avec feuilles et tranches d\u2019ananas<\/td>\n<\/tr>\n<\/tbody>\n<\/table>\n<\/div>\n<p>[\/fusion_table]\n<p><strong>REMARQUE<\/strong><br \/>\nPour la version sans alcool, ajouter 60 ml de jus d\u2019ananas.<\/p>\n","protected":false},"featured_media":2769,"comment_status":"closed","ping_status":"closed","template":"","meta":[],"product_brand":[],"product_cat":[484],"product_tag":[821],"class_list":{"0":"post-2767","1":"product","2":"type-product","3":"status-publish","4":"has-post-thumbnail","6":"product_cat-les-cocktails","7":"product_tag-pina-colada-premix-fr","8":"pa_cocktails-mocktails-mocktail-fr","10":"first","11":"instock","12":"shipping-taxable","13":"product-type-simple"},"_links":{"self":[{"href":"https:\/\/monin.ch\/fr\/wp-json\/wp\/v2\/product\/2767","targetHints":{"allow":["GET"]}}],"collection":[{"href":"https:\/\/monin.ch\/fr\/wp-json\/wp\/v2\/product"}],"about":[{"href":"https:\/\/monin.ch\/fr\/wp-json\/wp\/v2\/types\/product"}],"replies":[{"embeddable":true,"href":"https:\/\/monin.ch\/fr\/wp-json\/wp\/v2\/comments?post=2767"}],"wp:featuredmedia":[{"embeddable":true,"href":"https:\/\/monin.ch\/fr\/wp-json\/wp\/v2\/media\/2769"}],"wp:attachment":[{"href":"https:\/\/monin.ch\/fr\/wp-json\/wp\/v2\/media?parent=2767"}],"wp:term":[{"taxonomy":"product_brand","embeddable":true,"href":"https:\/\/monin.ch\/fr\/wp-json\/wp\/v2\/product_brand?post=2767"},{"taxonomy":"product_cat","embeddable":true,"href":"https:\/\/monin.ch\/fr\/wp-json\/wp\/v2\/product_cat?post=2767"},{"taxonomy":"product_tag","embeddable":true,"href":"https:\/\/monin.ch\/fr\/wp-json\/wp\/v2\/product_tag?post=2767"}],"curies":[{"name":"wp","href":"https:\/\/api.w.org\/{rel}","templated":true}]}}