{"id":3083,"date":"2026-01-15T11:51:42","date_gmt":"2026-01-15T10:51:42","guid":{"rendered":"https:\/\/monin.ch\/?post_type=product&#038;p=3083"},"modified":"2026-01-21T10:43:51","modified_gmt":"2026-01-21T09:43:51","slug":"monin-sirop-fleur-de-cerisier","status":"publish","type":"product","link":"https:\/\/monin.ch\/fr\/produkt\/monin-sirop-fleur-de-cerisier\/","title":{"rendered":"MONIN Sirop Fleur de Cerisier"},"content":{"rendered":"","protected":false},"excerpt":{"rendered":"<h1>MONIN Sirop Fleur de Cerisier<\/h1>\n<p><strong>Sakura \u2013 Une ic\u00f4ne du Japon<\/strong><\/p>\n<p>Originaire du Japon, la fleur de cerisier \u2014 ou sakura \u2014 est l\u2019une des fleurs les plus embl\u00e9matiques au monde, symbole de renouveau, de beaut\u00e9 et de l\u2019\u00e9ph\u00e9m\u00e8re \u00e9l\u00e9gance du printemps. C\u00e9l\u00e9br\u00e9e lors du festival Hanami, quand des millions de personnes se rassemblent sous les cerisiers en fleurs, le sakura est devenu une v\u00e9ritable source d\u2019inspiration culturelle et culinaire \u00e0 travers le globe.<\/p>\n<p><strong>Profil gustatif : <\/strong>\u00c9labor\u00e9 \u00e0 partir de l\u2019essence fragile de cette fleur d\u2019exception, notre sirop restitue les notes florales a\u00e9riennes du sakura, enrichies de subtiles touches d\u2019amande et de miel, et sublim\u00e9es par une douce teinte rose naturelle \u2014 offrant ainsi toute l\u2019exp\u00e9rience sensorielle de la fleur de cerisier dans une forme liquide parfaitement constante.<\/p>\n<p><strong>Application : <\/strong>Gr\u00e2ce \u00e0 sa recette premium, cette innovation rend la cr\u00e9ation de boissons florales simple et rapide \u2014 sans infusion ni contrainte de saison. Id\u00e9al pour les spritz, citronnades, th\u00e9s glac\u00e9s, mocktails et cocktails, il ouvre la voie \u00e0 d\u2019innombrables cr\u00e9ations tout en garantissant vitesse et pr\u00e9cision dans la pr\u00e9paration.<\/p>\n<p><strong>Le sirop MONIN Fleur de Cerisier <\/strong>permet ainsi \u00e0 chaque bar, caf\u00e9 ou restaurant de profiter toute l\u2019ann\u00e9e de la beaut\u00e9 et du raffinement de la fleur la plus c\u00e9l\u00e8bre du Japon. Facile \u00e0 utiliser et d\u2019une r\u00e9gularit\u00e9 exemplaire, il s\u2019impose d\u00e9j\u00e0 comme la nouvelle r\u00e9f\u00e9rence de la mixologie florale.<\/p>\n<p><strong><span class=\"bold_condensed\">Contenance: <\/span><\/strong>700 ml<br \/>\n<strong><span class=\"bold_condensed\">Teneur en alcool: <\/span><\/strong>0 % vol<br \/>\n<strong><span class=\"bold_condensed\">R\u00e9f\u00e9rence<\/span>:<\/strong> 361176<\/p>\n[fusion_separator style_type=\"none\" hide_on_mobile=\"small-visibility,medium-visibility,large-visibility\" sticky_display=\"normal,sticky\" class=\"\" id=\"\" flex_grow=\"0\" top_margin=\"3%\" bottom_margin=\"\" width=\"\" alignment=\"center\" border_size=\"\" sep_color=\"\" icon=\"\" icon_size=\"\" icon_color=\"\" icon_circle=\"\" icon_circle_color=\"\"][\/fusion_separator]\n[fusion_separator style_type=\"none\" hide_on_mobile=\"small-visibility,medium-visibility,large-visibility\" sticky_display=\"normal,sticky\" class=\"\" id=\"\" flex_grow=\"0\" top_margin=\"3%\" bottom_margin=\"\" width=\"\" alignment=\"center\" border_size=\"\" sep_color=\"\" icon=\"\" icon_size=\"\" icon_color=\"\" icon_circle=\"\" icon_circle_color=\"\"][\/fusion_separator]\n[fusion_button link=\"https:\/\/www.topofdrinks.ch\/fr\/produit\/monin-sirup-cherry-blossom?von_suchresultat=true\" title=\"ACHETER MAINTENANT\" target=\"_blank\" link_attributes=\"\" alignment_medium=\"\" alignment_small=\"\" alignment=\"left\" modal=\"\" hide_on_mobile=\"small-visibility,medium-visibility,large-visibility\" sticky_display=\"normal,sticky\" class=\"\" id=\"\" color=\"custom\" button_gradient_top_color=\"#b72727\" hue=\"\" saturation=\"\" lightness=\"\" alpha=\"\" button_gradient_bottom_color=\"#ef5f23\" button_gradient_top_color_hover=\"#981313\" button_gradient_bottom_color_hover=\"#ce4800\" gradient_start_position=\"\" gradient_end_position=\"\" gradient_type=\"\" radial_direction=\"\" linear_angle=\"180\" accent_color=\"\" accent_hover_color=\"\" type=\"flat\" bevel_color=\"\" bevel_color_hover=\"\" border_top=\"\" border_right=\"\" border_bottom=\"\" border_left=\"\" border_radius_top_left=\"\" border_radius_top_right=\"\" border_radius_bottom_right=\"\" border_radius_bottom_left=\"\" border_color=\"\" border_hover_color=\"\" size=\"medium\" padding_top=\"\" padding_right=\"\" padding_bottom=\"\" padding_left=\"\" fusion_font_family_button_font=\"\" fusion_font_variant_button_font=\"\" font_size=\"\" line_height=\"\" letter_spacing=\"\" text_transform=\"\" stretch=\"default\" margin_top=\"\" margin_right=\"\" margin_bottom=\"\" margin_left=\"\" icon=\"\" icon_position=\"left\" icon_divider=\"no\" animation_type=\"\" animation_direction=\"left\" animation_speed=\"0.3\" animation_offset=\"\"]ACHETER MAINTENANT[\/fusion_button]\n","protected":false},"featured_media":3075,"comment_status":"closed","ping_status":"closed","template":"","meta":[],"product_brand":[],"product_cat":[492],"product_tag":[858,589],"class_list":{"0":"post-3083","1":"product","2":"type-product","3":"status-publish","4":"has-post-thumbnail","6":"product_cat-monin-sirop-700ml","7":"product_tag-858","8":"product_tag-700ml-fr","9":"pa_alkoholfreie-klassiker-classiques-sans-alcool","11":"first","12":"instock","13":"shipping-taxable","14":"product-type-simple"},"_links":{"self":[{"href":"https:\/\/monin.ch\/fr\/wp-json\/wp\/v2\/product\/3083","targetHints":{"allow":["GET"]}}],"collection":[{"href":"https:\/\/monin.ch\/fr\/wp-json\/wp\/v2\/product"}],"about":[{"href":"https:\/\/monin.ch\/fr\/wp-json\/wp\/v2\/types\/product"}],"replies":[{"embeddable":true,"href":"https:\/\/monin.ch\/fr\/wp-json\/wp\/v2\/comments?post=3083"}],"wp:featuredmedia":[{"embeddable":true,"href":"https:\/\/monin.ch\/fr\/wp-json\/wp\/v2\/media\/3075"}],"wp:attachment":[{"href":"https:\/\/monin.ch\/fr\/wp-json\/wp\/v2\/media?parent=3083"}],"wp:term":[{"taxonomy":"product_brand","embeddable":true,"href":"https:\/\/monin.ch\/fr\/wp-json\/wp\/v2\/product_brand?post=3083"},{"taxonomy":"product_cat","embeddable":true,"href":"https:\/\/monin.ch\/fr\/wp-json\/wp\/v2\/product_cat?post=3083"},{"taxonomy":"product_tag","embeddable":true,"href":"https:\/\/monin.ch\/fr\/wp-json\/wp\/v2\/product_tag?post=3083"}],"curies":[{"name":"wp","href":"https:\/\/api.w.org\/{rel}","templated":true}]}}