{"id":3086,"date":"2026-01-19T10:24:57","date_gmt":"2026-01-19T09:24:57","guid":{"rendered":"https:\/\/monin.ch\/?post_type=product&#038;p=3086"},"modified":"2026-01-21T10:43:23","modified_gmt":"2026-01-21T09:43:23","slug":"monin-sirop-ruby-chocolate","status":"publish","type":"product","link":"https:\/\/monin.ch\/fr\/produkt\/monin-sirop-ruby-chocolate\/","title":{"rendered":"MONIN Sirop Ruby Chocolate"},"content":{"rendered":"","protected":false},"excerpt":{"rendered":"<h1>MONIN Sirop Ruby Chocolate<\/h1>\n<p><strong>Naturellement rose et tr\u00e8s tendance !<\/strong><\/p>\n<p><strong>Profil gustatif :<br \/>\n<\/strong>Ruby Chocolate capture \u00e0 la perfection l\u2019essence du chocolat Ruby : une saveur \u00e0 la fois gourmande et \u00e9quilibr\u00e9e, authentique et raffin\u00e9e, mariant la cr\u00e9mosit\u00e9 du cacao \u00e0 de subtiles touches fruit\u00e9es. Gr\u00e2ce \u00e0 son aromatisation naturelle et \u00e0 sa couleur rose \u00e9clatante, il apporte non seulement un go\u00fbt exceptionnel, mais aussi une dimension visuelle saisissante \u00e0 toutes les cr\u00e9ations.<\/p>\n<p><strong>Application :<br \/>\n<\/strong>Con\u00e7u pour \u00eatre polyvalent et facile \u00e0 utiliser, ce sirop permet de r\u00e9aliser sans effort des boissons innovantes \u2014 des lattes et frapp\u00e9s spectaculaires aux cocktails, mocktails et milkshakes signatures. Chaque cr\u00e9ation devient une exp\u00e9rience sensorielle unique, m\u00ealant plaisir et cr\u00e9ativit\u00e9.<\/p>\n<p>Avec <strong>le sirop MONIN Chocolat Ruby<\/strong>, baristas, bartenders et chefs peuvent donner vie \u00e0 l\u2019\u00e9l\u00e9gance de cette nouvelle ic\u00f4ne du chocolat. Appel\u00e9 \u00e0 devenir un incontournable de la mixologie et de la culture coffee shop modernes, il offre une interpr\u00e9tation ludique de la tradition, avec la fiabilit\u00e9 et la constance qui font la renomm\u00e9e de MONIN.<\/p>\n<p><strong><span class=\"bold_condensed\">Contenance: <\/span><\/strong>700 ml<br \/>\n<strong><span class=\"bold_condensed\">Teneur en alcool: <\/span><\/strong>0 % vol<br \/>\n<strong><span class=\"bold_condensed\">R\u00e9f\u00e9rence<\/span>:<\/strong> 361178<\/p>\n[fusion_separator style_type=\"none\" hide_on_mobile=\"small-visibility,medium-visibility,large-visibility\" sticky_display=\"normal,sticky\" class=\"\" id=\"\" flex_grow=\"0\" top_margin=\"3%\" bottom_margin=\"\" width=\"\" alignment=\"center\" border_size=\"\" sep_color=\"\" icon=\"\" icon_size=\"\" icon_color=\"\" icon_circle=\"\" icon_circle_color=\"\"][\/fusion_separator]\n[fusion_separator style_type=\"none\" hide_on_mobile=\"small-visibility,medium-visibility,large-visibility\" sticky_display=\"normal,sticky\" class=\"\" id=\"\" flex_grow=\"0\" top_margin=\"3%\" bottom_margin=\"\" width=\"\" alignment=\"center\" border_size=\"\" sep_color=\"\" icon=\"\" icon_size=\"\" icon_color=\"\" icon_circle=\"\" icon_circle_color=\"\"][\/fusion_separator]\n[fusion_button link=\"https:\/\/www.topofdrinks.ch\/fr\/produit\/monin-sirup-ruby-chocolate\" title=\"ACHETER MAINTENANT\" target=\"_blank\" link_attributes=\"\" alignment_medium=\"\" alignment_small=\"\" alignment=\"left\" modal=\"\" hide_on_mobile=\"small-visibility,medium-visibility,large-visibility\" sticky_display=\"normal,sticky\" class=\"\" id=\"\" color=\"custom\" button_gradient_top_color=\"#b72727\" hue=\"\" saturation=\"\" lightness=\"\" alpha=\"\" button_gradient_bottom_color=\"#ef5f23\" button_gradient_top_color_hover=\"#981313\" button_gradient_bottom_color_hover=\"#ce4800\" gradient_start_position=\"\" gradient_end_position=\"\" gradient_type=\"\" radial_direction=\"\" linear_angle=\"180\" accent_color=\"\" accent_hover_color=\"\" type=\"flat\" bevel_color=\"\" bevel_color_hover=\"\" border_top=\"\" border_right=\"\" border_bottom=\"\" border_left=\"\" border_radius_top_left=\"\" border_radius_top_right=\"\" border_radius_bottom_right=\"\" border_radius_bottom_left=\"\" border_color=\"\" border_hover_color=\"\" size=\"medium\" padding_top=\"\" padding_right=\"\" padding_bottom=\"\" padding_left=\"\" fusion_font_family_button_font=\"\" fusion_font_variant_button_font=\"\" font_size=\"\" line_height=\"\" letter_spacing=\"\" text_transform=\"\" stretch=\"default\" margin_top=\"\" margin_right=\"\" margin_bottom=\"\" margin_left=\"\" icon=\"\" icon_position=\"left\" icon_divider=\"no\" animation_type=\"\" animation_direction=\"left\" animation_speed=\"0.3\" animation_offset=\"\"]ACHETER MAINTENANT[\/fusion_button]\n","protected":false},"featured_media":3079,"comment_status":"closed","ping_status":"closed","template":"","meta":[],"product_brand":[],"product_cat":[492],"product_tag":[860,589],"class_list":{"0":"post-3086","1":"product","2":"type-product","3":"status-publish","4":"has-post-thumbnail","6":"product_cat-monin-sirop-700ml","7":"product_tag-860","8":"product_tag-700ml-fr","9":"pa_alkoholfreie-klassiker-classiques-sans-alcool","11":"first","12":"instock","13":"shipping-taxable","14":"product-type-simple"},"_links":{"self":[{"href":"https:\/\/monin.ch\/fr\/wp-json\/wp\/v2\/product\/3086","targetHints":{"allow":["GET"]}}],"collection":[{"href":"https:\/\/monin.ch\/fr\/wp-json\/wp\/v2\/product"}],"about":[{"href":"https:\/\/monin.ch\/fr\/wp-json\/wp\/v2\/types\/product"}],"replies":[{"embeddable":true,"href":"https:\/\/monin.ch\/fr\/wp-json\/wp\/v2\/comments?post=3086"}],"wp:featuredmedia":[{"embeddable":true,"href":"https:\/\/monin.ch\/fr\/wp-json\/wp\/v2\/media\/3079"}],"wp:attachment":[{"href":"https:\/\/monin.ch\/fr\/wp-json\/wp\/v2\/media?parent=3086"}],"wp:term":[{"taxonomy":"product_brand","embeddable":true,"href":"https:\/\/monin.ch\/fr\/wp-json\/wp\/v2\/product_brand?post=3086"},{"taxonomy":"product_cat","embeddable":true,"href":"https:\/\/monin.ch\/fr\/wp-json\/wp\/v2\/product_cat?post=3086"},{"taxonomy":"product_tag","embeddable":true,"href":"https:\/\/monin.ch\/fr\/wp-json\/wp\/v2\/product_tag?post=3086"}],"curies":[{"name":"wp","href":"https:\/\/api.w.org\/{rel}","templated":true}]}}