{"id":3089,"date":"2026-01-19T10:32:09","date_gmt":"2026-01-19T09:32:09","guid":{"rendered":"https:\/\/monin.ch\/?post_type=product&#038;p=3089"},"modified":"2026-01-21T10:42:53","modified_gmt":"2026-01-21T09:42:53","slug":"monin-sirop-rhubarbe","status":"publish","type":"product","link":"https:\/\/monin.ch\/fr\/produkt\/monin-sirop-rhubarbe\/","title":{"rendered":"MONIN Sirop Rhubarbe"},"content":{"rendered":"","protected":false},"excerpt":{"rendered":"<h1>MONIN Sirop Rhubarbe<\/h1>\n<p><strong>La rhubarbe \u2013 un pur rafra\u00eechissement<br \/>\n<\/strong>La rhubarbe offre une combinaison unique d&rsquo;acidit\u00e9 vive et de fra\u00eecheur fruit\u00e9e. Son caract\u00e8re frais et l\u00e9g\u00e8rement acidul\u00e9 en fait un ar\u00f4me id\u00e9al pour les boissons rafra\u00eechissantes modernes ainsi que pour les cocktails \u00e9l\u00e9gants.<\/p>\n<p><strong>Profil gustatif : <\/strong>Le Sirop de MONIN Rhubarbe s\u00e9duit par son go\u00fbt intense et authentique de rhubarbe, qui allie \u00e0 la perfection l&rsquo;acidit\u00e9 naturelle \u00e0 une douceur fine et \u00e9quilibr\u00e9e. Sa couleur rouge vif lui conf\u00e8re un aspect haut de gamme et attrayant dans le verre.<\/p>\n<p><strong>Application :<br \/>\n<\/strong>Id\u00e9al pour les boissons l\u00e9g\u00e8res et fra\u00eeches telles que les spritz, les th\u00e9s glac\u00e9s et les limonades, il apporte une touche fruit\u00e9e et fra\u00eeche \u00e0 tous les cocktails.<\/p>\n<p><strong>Le sirop de MONIN Rhubarbe <\/strong>allie des ar\u00f4mes puissants, un go\u00fbt authentique et une fra\u00eecheur p\u00e9tillante pour r\u00e9pondre aux exigences de qualit\u00e9 les plus \u00e9lev\u00e9es.<\/p>\n<p><strong><span class=\"bold_condensed\">Contenance: <\/span><\/strong>700 ml<br \/>\n<strong><span class=\"bold_condensed\">Teneur en alcool: <\/span><\/strong>0 % vol<br \/>\n<strong><span class=\"bold_condensed\">R\u00e9f\u00e9rence<\/span>:<\/strong> 361177<\/p>\n[fusion_separator style_type=\"none\" hide_on_mobile=\"small-visibility,medium-visibility,large-visibility\" sticky_display=\"normal,sticky\" class=\"\" id=\"\" flex_grow=\"0\" top_margin=\"3%\" bottom_margin=\"\" width=\"\" alignment=\"center\" border_size=\"\" sep_color=\"\" icon=\"\" icon_size=\"\" icon_color=\"\" icon_circle=\"\" icon_circle_color=\"\"][\/fusion_separator]\n[fusion_separator style_type=\"none\" hide_on_mobile=\"small-visibility,medium-visibility,large-visibility\" sticky_display=\"normal,sticky\" class=\"\" id=\"\" flex_grow=\"0\" top_margin=\"3%\" bottom_margin=\"\" width=\"\" alignment=\"center\" border_size=\"\" sep_color=\"\" icon=\"\" icon_size=\"\" icon_color=\"\" icon_circle=\"\" icon_circle_color=\"\"][\/fusion_separator]\n[fusion_button link=\"https:\/\/www.topofdrinks.ch\/fr\/produit\/monin-sirup-rhubarb?von_suchresultat=true\" title=\"ACHETER MAINTENANT\" target=\"_blank\" link_attributes=\"\" alignment_medium=\"\" alignment_small=\"\" alignment=\"left\" modal=\"\" hide_on_mobile=\"small-visibility,medium-visibility,large-visibility\" sticky_display=\"normal,sticky\" class=\"\" id=\"\" color=\"custom\" button_gradient_top_color=\"#b72727\" hue=\"\" saturation=\"\" lightness=\"\" alpha=\"\" button_gradient_bottom_color=\"#ef5f23\" button_gradient_top_color_hover=\"#981313\" button_gradient_bottom_color_hover=\"#ce4800\" gradient_start_position=\"\" gradient_end_position=\"\" gradient_type=\"\" radial_direction=\"\" linear_angle=\"180\" accent_color=\"\" accent_hover_color=\"\" type=\"flat\" bevel_color=\"\" bevel_color_hover=\"\" border_top=\"\" border_right=\"\" border_bottom=\"\" border_left=\"\" border_radius_top_left=\"\" border_radius_top_right=\"\" border_radius_bottom_right=\"\" border_radius_bottom_left=\"\" border_color=\"\" border_hover_color=\"\" size=\"medium\" padding_top=\"\" padding_right=\"\" padding_bottom=\"\" padding_left=\"\" fusion_font_family_button_font=\"\" fusion_font_variant_button_font=\"\" font_size=\"\" line_height=\"\" letter_spacing=\"\" text_transform=\"\" stretch=\"default\" margin_top=\"\" margin_right=\"\" margin_bottom=\"\" margin_left=\"\" icon=\"\" icon_position=\"left\" icon_divider=\"no\" animation_type=\"\" animation_direction=\"left\" animation_speed=\"0.3\" animation_offset=\"\"]ACHETER MAINTENANT[\/fusion_button]\n","protected":false},"featured_media":3077,"comment_status":"closed","ping_status":"closed","template":"","meta":[],"product_brand":[],"product_cat":[492],"product_tag":[862,589],"class_list":{"0":"post-3089","1":"product","2":"type-product","3":"status-publish","4":"has-post-thumbnail","6":"product_cat-monin-sirop-700ml","7":"product_tag-862","8":"product_tag-700ml-fr","9":"pa_alkoholfreie-klassiker-classiques-sans-alcool","11":"first","12":"instock","13":"shipping-taxable","14":"product-type-simple"},"_links":{"self":[{"href":"https:\/\/monin.ch\/fr\/wp-json\/wp\/v2\/product\/3089","targetHints":{"allow":["GET"]}}],"collection":[{"href":"https:\/\/monin.ch\/fr\/wp-json\/wp\/v2\/product"}],"about":[{"href":"https:\/\/monin.ch\/fr\/wp-json\/wp\/v2\/types\/product"}],"replies":[{"embeddable":true,"href":"https:\/\/monin.ch\/fr\/wp-json\/wp\/v2\/comments?post=3089"}],"wp:featuredmedia":[{"embeddable":true,"href":"https:\/\/monin.ch\/fr\/wp-json\/wp\/v2\/media\/3077"}],"wp:attachment":[{"href":"https:\/\/monin.ch\/fr\/wp-json\/wp\/v2\/media?parent=3089"}],"wp:term":[{"taxonomy":"product_brand","embeddable":true,"href":"https:\/\/monin.ch\/fr\/wp-json\/wp\/v2\/product_brand?post=3089"},{"taxonomy":"product_cat","embeddable":true,"href":"https:\/\/monin.ch\/fr\/wp-json\/wp\/v2\/product_cat?post=3089"},{"taxonomy":"product_tag","embeddable":true,"href":"https:\/\/monin.ch\/fr\/wp-json\/wp\/v2\/product_tag?post=3089"}],"curies":[{"name":"wp","href":"https:\/\/api.w.org\/{rel}","templated":true}]}}