{"id":3091,"date":"2026-01-19T10:36:40","date_gmt":"2026-01-19T09:36:40","guid":{"rendered":"https:\/\/monin.ch\/?post_type=product&#038;p=3091"},"modified":"2026-01-21T10:42:08","modified_gmt":"2026-01-21T09:42:08","slug":"monin-concentre-the-vert-matcha","status":"publish","type":"product","link":"https:\/\/monin.ch\/fr\/produkt\/monin-concentre-the-vert-matcha\/","title":{"rendered":"MONIN Concentr\u00e9 Th\u00e9 Vert Matcha"},"content":{"rendered":"","protected":false},"excerpt":{"rendered":"<h1>MONIN Concentr\u00e9 Th\u00e9 Vert Matcha<\/h1>\n<p><strong>Un ajout unique \u00e0 notre collection de th\u00e9<br \/>\n<\/strong>D\u00e9couvrez notre nouveau Concentr\u00e9 de Th\u00e9 Vert Matcha MONIN, une cr\u00e9ation raffin\u00e9e qui vient enrichir notre collection.<\/p>\n<p><strong>Profil gustatif :<br \/>\n<\/strong>\u00c9labor\u00e9 \u00e0 partir de poudre de matcha japonaise premium, il capture toute l\u2019authenticit\u00e9 de cet ingr\u00e9dient d\u2019exception : son caract\u00e8re v\u00e9g\u00e9tal et terreux, sa couleur verte \u00e9clatante, et sa richesse en notes umami naturellement \u00e9quilibr\u00e9es par une douce sucrosit\u00e9. Il offre ainsi toute l\u2019exp\u00e9rience sensorielle du matcha traditionnel, dans un format liquide parfaitement homog\u00e8ne et constant.<\/p>\n<p><strong>Application :<br \/>\n<\/strong>Gr\u00e2ce \u00e0 sa recette concentr\u00e9e, cette innovation rend la pr\u00e9paration des boissons au matcha simple et rapide \u2014 sans fouet ni tamis n\u00e9cessaires. Id\u00e9al pour les lattes, th\u00e9s glac\u00e9s, frapp\u00e9s ou encore cocktails cr\u00e9atifs, il ouvre la voie \u00e0 une infinit\u00e9 de possibilit\u00e9s tout en faisant gagner un temps pr\u00e9cieux en pr\u00e9paration.<\/p>\n<p><strong>Le Concentr\u00e9 de MONIN Th\u00e9 Vert Matcha <\/strong>permet de retrouver la beaut\u00e9 et la richesse aromatique d\u2019un matcha de qualit\u00e9 c\u00e9r\u00e9moniale, accessible \u00e0 tous et en tout lieu. Gr\u00e2ce \u00e0 sa facilit\u00e9 d\u2019utilisation et sa constance irr\u00e9prochable, il s\u2019impose comme la nouvelle r\u00e9f\u00e9rence des boissons modernes \u00e0 base de matcha.<\/p>\n<p><strong><span class=\"bold_condensed\">Contenance: <\/span><\/strong>700 ml<br \/>\n<strong><span class=\"bold_condensed\">Teneur en alcool: <\/span><\/strong>0 % vol<br \/>\n<strong><span class=\"bold_condensed\">R\u00e9f\u00e9rence<\/span>:<\/strong> 361179<\/p>\n[fusion_separator style_type=\"none\" hide_on_mobile=\"small-visibility,medium-visibility,large-visibility\" sticky_display=\"normal,sticky\" class=\"\" id=\"\" flex_grow=\"0\" top_margin=\"3%\" bottom_margin=\"\" width=\"\" alignment=\"center\" border_size=\"\" sep_color=\"\" icon=\"\" icon_size=\"\" icon_color=\"\" icon_circle=\"\" icon_circle_color=\"\"][\/fusion_separator]\n[fusion_separator style_type=\"none\" hide_on_mobile=\"small-visibility,medium-visibility,large-visibility\" sticky_display=\"normal,sticky\" class=\"\" id=\"\" flex_grow=\"0\" top_margin=\"3%\" bottom_margin=\"\" width=\"\" alignment=\"center\" border_size=\"\" sep_color=\"\" icon=\"\" icon_size=\"\" icon_color=\"\" icon_circle=\"\" icon_circle_color=\"\"][\/fusion_separator]\n[fusion_button link=\"https:\/\/www.topofdrinks.ch\/fr\/produit\/monin-concentre-matcha-green-tee?von_suchresultat=true\" title=\"ACHETER MAINTENANT\" target=\"_blank\" link_attributes=\"\" alignment_medium=\"\" alignment_small=\"\" alignment=\"left\" modal=\"\" hide_on_mobile=\"small-visibility,medium-visibility,large-visibility\" sticky_display=\"normal,sticky\" class=\"\" id=\"\" color=\"custom\" button_gradient_top_color=\"#b72727\" hue=\"\" saturation=\"\" lightness=\"\" alpha=\"\" button_gradient_bottom_color=\"#ef5f23\" button_gradient_top_color_hover=\"#981313\" button_gradient_bottom_color_hover=\"#ce4800\" gradient_start_position=\"\" gradient_end_position=\"\" gradient_type=\"\" radial_direction=\"\" linear_angle=\"180\" accent_color=\"\" accent_hover_color=\"\" type=\"flat\" bevel_color=\"\" bevel_color_hover=\"\" border_top=\"\" border_right=\"\" border_bottom=\"\" border_left=\"\" border_radius_top_left=\"\" border_radius_top_right=\"\" border_radius_bottom_right=\"\" border_radius_bottom_left=\"\" border_color=\"\" border_hover_color=\"\" size=\"medium\" padding_top=\"\" padding_right=\"\" padding_bottom=\"\" padding_left=\"\" fusion_font_family_button_font=\"\" fusion_font_variant_button_font=\"\" font_size=\"\" line_height=\"\" letter_spacing=\"\" text_transform=\"\" stretch=\"default\" margin_top=\"\" margin_right=\"\" margin_bottom=\"\" margin_left=\"\" icon=\"\" icon_position=\"left\" icon_divider=\"no\" animation_type=\"\" animation_direction=\"left\" animation_speed=\"0.3\" animation_offset=\"\"]ACHETER MAINTENANT[\/fusion_button]\n","protected":false},"featured_media":3081,"comment_status":"closed","ping_status":"closed","template":"","meta":[],"product_brand":[],"product_cat":[488],"product_tag":[809,864],"class_list":{"0":"post-3091","1":"product","2":"type-product","3":"status-publish","4":"has-post-thumbnail","6":"product_cat-monin-concentres","7":"product_tag-1-000-ml-fr","8":"product_tag-864","10":"first","11":"instock","12":"shipping-taxable","13":"product-type-simple"},"_links":{"self":[{"href":"https:\/\/monin.ch\/fr\/wp-json\/wp\/v2\/product\/3091","targetHints":{"allow":["GET"]}}],"collection":[{"href":"https:\/\/monin.ch\/fr\/wp-json\/wp\/v2\/product"}],"about":[{"href":"https:\/\/monin.ch\/fr\/wp-json\/wp\/v2\/types\/product"}],"replies":[{"embeddable":true,"href":"https:\/\/monin.ch\/fr\/wp-json\/wp\/v2\/comments?post=3091"}],"wp:featuredmedia":[{"embeddable":true,"href":"https:\/\/monin.ch\/fr\/wp-json\/wp\/v2\/media\/3081"}],"wp:attachment":[{"href":"https:\/\/monin.ch\/fr\/wp-json\/wp\/v2\/media?parent=3091"}],"wp:term":[{"taxonomy":"product_brand","embeddable":true,"href":"https:\/\/monin.ch\/fr\/wp-json\/wp\/v2\/product_brand?post=3091"},{"taxonomy":"product_cat","embeddable":true,"href":"https:\/\/monin.ch\/fr\/wp-json\/wp\/v2\/product_cat?post=3091"},{"taxonomy":"product_tag","embeddable":true,"href":"https:\/\/monin.ch\/fr\/wp-json\/wp\/v2\/product_tag?post=3091"}],"curies":[{"name":"wp","href":"https:\/\/api.w.org\/{rel}","templated":true}]}}