{"id":3113,"date":"2026-01-19T11:42:39","date_gmt":"2026-01-19T10:42:39","guid":{"rendered":"https:\/\/monin.ch\/?post_type=product&#038;p=3113"},"modified":"2026-01-19T18:11:32","modified_gmt":"2026-01-19T17:11:32","slug":"matcha-latte","status":"publish","type":"product","link":"https:\/\/monin.ch\/fr\/produkt\/matcha-latte\/","title":{"rendered":"Matcha Latte"},"content":{"rendered":"","protected":false},"excerpt":{"rendered":"<h1>Matcha Latte<\/h1>\n<p><b>INGR\u00c9DIENTS<br \/>\n<\/b>40 ml de Le Concentr\u00e9 de MONIN Th\u00e9 Vert Matcha<br \/>\n160 ml de lait ou alternative<\/p>\n<p><b>PR\u00c9PARATION<br \/>\n<\/b>Versez Le Concentr\u00e9 de MONIN Matcha Green Tea dans un verre r\u00e9sistant \u00e0 la chaleur. Faites mousser le lait et versez-le sur le matcha.<\/p>\n<p><b>SUGGESTIONS DE SAVEURS<br \/>\n<\/b>Ajoutez 10 \u00e0 20 ml de Le Sirop de MONIN : vanille, noisette, pistache, lavande, rose, past\u00e8que&#8230;<\/p>\n<p>&nbsp;<\/p>\n","protected":false},"featured_media":3096,"comment_status":"closed","ping_status":"closed","template":"","meta":[],"product_brand":[],"product_cat":[484],"product_tag":[873],"class_list":{"0":"post-3113","1":"product","2":"type-product","3":"status-publish","4":"has-post-thumbnail","6":"product_cat-les-cocktails","7":"product_tag-matcha-latte","8":"pa_cocktails-mocktails-mocktail-fr","10":"first","11":"instock","12":"shipping-taxable","13":"product-type-simple"},"_links":{"self":[{"href":"https:\/\/monin.ch\/fr\/wp-json\/wp\/v2\/product\/3113","targetHints":{"allow":["GET"]}}],"collection":[{"href":"https:\/\/monin.ch\/fr\/wp-json\/wp\/v2\/product"}],"about":[{"href":"https:\/\/monin.ch\/fr\/wp-json\/wp\/v2\/types\/product"}],"replies":[{"embeddable":true,"href":"https:\/\/monin.ch\/fr\/wp-json\/wp\/v2\/comments?post=3113"}],"wp:featuredmedia":[{"embeddable":true,"href":"https:\/\/monin.ch\/fr\/wp-json\/wp\/v2\/media\/3096"}],"wp:attachment":[{"href":"https:\/\/monin.ch\/fr\/wp-json\/wp\/v2\/media?parent=3113"}],"wp:term":[{"taxonomy":"product_brand","embeddable":true,"href":"https:\/\/monin.ch\/fr\/wp-json\/wp\/v2\/product_brand?post=3113"},{"taxonomy":"product_cat","embeddable":true,"href":"https:\/\/monin.ch\/fr\/wp-json\/wp\/v2\/product_cat?post=3113"},{"taxonomy":"product_tag","embeddable":true,"href":"https:\/\/monin.ch\/fr\/wp-json\/wp\/v2\/product_tag?post=3113"}],"curies":[{"name":"wp","href":"https:\/\/api.w.org\/{rel}","templated":true}]}}