{"id":3115,"date":"2026-01-19T11:46:41","date_gmt":"2026-01-19T10:46:41","guid":{"rendered":"https:\/\/monin.ch\/?post_type=product&#038;p=3115"},"modified":"2026-02-05T15:49:31","modified_gmt":"2026-02-05T14:49:31","slug":"flavoured-matcha-iced-latte","status":"publish","type":"product","link":"https:\/\/monin.ch\/fr\/produkt\/flavoured-matcha-iced-latte\/","title":{"rendered":"Flavoured Matcha Iced Latte"},"content":{"rendered":"","protected":false},"excerpt":{"rendered":"<h1>Flavoured Matcha Iced Latte<\/h1>\n<p><b>INGR\u00c9DIENTS<br \/>\n<\/b>30 ml de Le Concentr\u00e9 de MONIN Th\u00e9 Vert Matcha<br \/>\n30 ml de Le Fruit de MONIN au choix<br \/>\n160 ml de lait froid ou alternative<br \/>\nGla\u00e7ons<\/p>\n<p><b>PR\u00c9PARATION<br \/>\n<\/b>Verser Le Concentr\u00e9 de MONIN Th\u00e9 Vert Matcha dans un verre et remplir de gla\u00e7ons. Ajoutez le lait et.<\/p>\n<p><b>RECOMMANDATIONS DE SAVEURS<br \/>\n<\/b>Le Fruit de MONIN : mangue, strawberry, myrtille et bien d&rsquo;autres encore.<\/p>\n<p><b>EN OPTION : GARNITURE DE MOUSSE FROIDE<br \/>\n<\/b>Faites mousser 120 ml de lait demi-\u00e9cr\u00e9m\u00e9 ou d&rsquo;Oatly Creamy Oat avec le concentr\u00e9 MONIN Matcha dans un mixeur \u00e0 mousse froide jusqu&rsquo;\u00e0 obtenir une consistance cr\u00e9meuse. Versez d\u00e9licatement la mousse froide au matcha sur la boisson et servez.<\/p>\n<p>&nbsp;<\/p>\n","protected":false},"featured_media":3098,"comment_status":"closed","ping_status":"closed","template":"","meta":[],"product_brand":[],"product_cat":[484],"product_tag":[],"class_list":{"0":"post-3115","1":"product","2":"type-product","3":"status-publish","4":"has-post-thumbnail","6":"product_cat-les-cocktails","7":"pa_cocktails-mocktails-mocktail-fr","9":"first","10":"instock","11":"shipping-taxable","12":"product-type-simple"},"_links":{"self":[{"href":"https:\/\/monin.ch\/fr\/wp-json\/wp\/v2\/product\/3115","targetHints":{"allow":["GET"]}}],"collection":[{"href":"https:\/\/monin.ch\/fr\/wp-json\/wp\/v2\/product"}],"about":[{"href":"https:\/\/monin.ch\/fr\/wp-json\/wp\/v2\/types\/product"}],"replies":[{"embeddable":true,"href":"https:\/\/monin.ch\/fr\/wp-json\/wp\/v2\/comments?post=3115"}],"wp:featuredmedia":[{"embeddable":true,"href":"https:\/\/monin.ch\/fr\/wp-json\/wp\/v2\/media\/3098"}],"wp:attachment":[{"href":"https:\/\/monin.ch\/fr\/wp-json\/wp\/v2\/media?parent=3115"}],"wp:term":[{"taxonomy":"product_brand","embeddable":true,"href":"https:\/\/monin.ch\/fr\/wp-json\/wp\/v2\/product_brand?post=3115"},{"taxonomy":"product_cat","embeddable":true,"href":"https:\/\/monin.ch\/fr\/wp-json\/wp\/v2\/product_cat?post=3115"},{"taxonomy":"product_tag","embeddable":true,"href":"https:\/\/monin.ch\/fr\/wp-json\/wp\/v2\/product_tag?post=3115"}],"curies":[{"name":"wp","href":"https:\/\/api.w.org\/{rel}","templated":true}]}}