{"id":3119,"date":"2026-01-19T11:51:14","date_gmt":"2026-01-19T10:51:14","guid":{"rendered":"https:\/\/monin.ch\/?post_type=product&#038;p=3119"},"modified":"2026-01-19T17:55:46","modified_gmt":"2026-01-19T16:55:46","slug":"iced-ruby-mocha","status":"publish","type":"product","link":"https:\/\/monin.ch\/fr\/produkt\/iced-ruby-mocha\/","title":{"rendered":"Iced Ruby Mocha"},"content":{"rendered":"","protected":false},"excerpt":{"rendered":"<h1>Iced Ruby Mocha<\/h1>\n<p><b>INGR\u00c9DIENTS<br \/>\n<\/b>20 ml de sirop MONIN Ruby Chocolate<br \/>\n150 ml de lait froid ou autre boisson v\u00e9g\u00e9tale<br \/>\n1 espresso<br \/>\nGla\u00e7ons<br \/>\nMousse de lait Ruby Chocolate<\/p>\n<p><b>PR\u00c9PARATION<br \/>\n<\/b>Versez le sirop MONIN dans un grand verre rempli de gla\u00e7ons. Ajoutez le lait, puis versez d\u00e9licatement l&rsquo;espresso par-dessus afin de cr\u00e9er un effet de couches.<br \/>\nGarnir de mousse de lait au chocolat ruby.<\/p>\n<p><b>GARNITURE<br \/>\n<\/b>Mousse de lait au chocolat ruby<br \/>\n150 ml de lait \u00e9cr\u00e9m\u00e9 ou autre<br \/>\n20 ml de sirop MONIN Ruby Chocolate<br \/>\nM\u00e9langer tous les ingr\u00e9dients et faire mousser jusqu&rsquo;\u00e0 obtenir une texture fine et cr\u00e9meuse.<\/p>\n<p>Garnitures roses (par exemple, perles de chocolat ruby)<\/p>\n<p>&nbsp;<\/p>\n","protected":false},"featured_media":3102,"comment_status":"closed","ping_status":"closed","template":"","meta":[],"product_brand":[],"product_cat":[484],"product_tag":[876],"class_list":{"0":"post-3119","1":"product","2":"type-product","3":"status-publish","4":"has-post-thumbnail","6":"product_cat-les-cocktails","7":"product_tag-iced-ruby-mocha","8":"pa_cocktails-mocktails-mocktail-fr","10":"first","11":"instock","12":"shipping-taxable","13":"product-type-simple"},"_links":{"self":[{"href":"https:\/\/monin.ch\/fr\/wp-json\/wp\/v2\/product\/3119","targetHints":{"allow":["GET"]}}],"collection":[{"href":"https:\/\/monin.ch\/fr\/wp-json\/wp\/v2\/product"}],"about":[{"href":"https:\/\/monin.ch\/fr\/wp-json\/wp\/v2\/types\/product"}],"replies":[{"embeddable":true,"href":"https:\/\/monin.ch\/fr\/wp-json\/wp\/v2\/comments?post=3119"}],"wp:featuredmedia":[{"embeddable":true,"href":"https:\/\/monin.ch\/fr\/wp-json\/wp\/v2\/media\/3102"}],"wp:attachment":[{"href":"https:\/\/monin.ch\/fr\/wp-json\/wp\/v2\/media?parent=3119"}],"wp:term":[{"taxonomy":"product_brand","embeddable":true,"href":"https:\/\/monin.ch\/fr\/wp-json\/wp\/v2\/product_brand?post=3119"},{"taxonomy":"product_cat","embeddable":true,"href":"https:\/\/monin.ch\/fr\/wp-json\/wp\/v2\/product_cat?post=3119"},{"taxonomy":"product_tag","embeddable":true,"href":"https:\/\/monin.ch\/fr\/wp-json\/wp\/v2\/product_tag?post=3119"}],"curies":[{"name":"wp","href":"https:\/\/api.w.org\/{rel}","templated":true}]}}