{"id":3121,"date":"2026-01-19T11:53:44","date_gmt":"2026-01-19T10:53:44","guid":{"rendered":"https:\/\/monin.ch\/?post_type=product&#038;p=3121"},"modified":"2026-01-19T12:12:27","modified_gmt":"2026-01-19T11:12:27","slug":"cherry-blossom-soda","status":"publish","type":"product","link":"https:\/\/monin.ch\/fr\/produkt\/cherry-blossom-soda\/","title":{"rendered":"Cherry Blossom Soda"},"content":{"rendered":"","protected":false},"excerpt":{"rendered":"<h1>Cherry Blossom Soda<\/h1>\n<p><b>INGR\u00c9DIENTS<br \/>\n<\/b>20 ml de sirop MONIN Fleur de Cerisier<br \/>\n200 ml de limonade au citron (par exemple Sprite)<\/p>\n<p><b>PR\u00c9PARATION<br \/>\n<\/b>Verser tous les ingr\u00e9dients dans un verre rempli de gla\u00e7ons et remuer l\u00e9g\u00e8rement.<\/p>\n<p><b>GARNITURE<br \/>\n<\/b>Fleurs comestibles<\/p>\n<p>&nbsp;<\/p>\n","protected":false},"featured_media":3104,"comment_status":"closed","ping_status":"closed","template":"","meta":[],"product_brand":[],"product_cat":[484],"product_tag":[877],"class_list":{"0":"post-3121","1":"product","2":"type-product","3":"status-publish","4":"has-post-thumbnail","6":"product_cat-les-cocktails","7":"product_tag-cherry-blossom-soda","8":"pa_cocktails-mocktails-mocktail-fr","10":"first","11":"instock","12":"shipping-taxable","13":"product-type-simple"},"_links":{"self":[{"href":"https:\/\/monin.ch\/fr\/wp-json\/wp\/v2\/product\/3121","targetHints":{"allow":["GET"]}}],"collection":[{"href":"https:\/\/monin.ch\/fr\/wp-json\/wp\/v2\/product"}],"about":[{"href":"https:\/\/monin.ch\/fr\/wp-json\/wp\/v2\/types\/product"}],"replies":[{"embeddable":true,"href":"https:\/\/monin.ch\/fr\/wp-json\/wp\/v2\/comments?post=3121"}],"wp:featuredmedia":[{"embeddable":true,"href":"https:\/\/monin.ch\/fr\/wp-json\/wp\/v2\/media\/3104"}],"wp:attachment":[{"href":"https:\/\/monin.ch\/fr\/wp-json\/wp\/v2\/media?parent=3121"}],"wp:term":[{"taxonomy":"product_brand","embeddable":true,"href":"https:\/\/monin.ch\/fr\/wp-json\/wp\/v2\/product_brand?post=3121"},{"taxonomy":"product_cat","embeddable":true,"href":"https:\/\/monin.ch\/fr\/wp-json\/wp\/v2\/product_cat?post=3121"},{"taxonomy":"product_tag","embeddable":true,"href":"https:\/\/monin.ch\/fr\/wp-json\/wp\/v2\/product_tag?post=3121"}],"curies":[{"name":"wp","href":"https:\/\/api.w.org\/{rel}","templated":true}]}}