{"id":3123,"date":"2026-01-19T11:56:12","date_gmt":"2026-01-19T10:56:12","guid":{"rendered":"https:\/\/monin.ch\/?post_type=product&#038;p=3123"},"modified":"2026-01-19T17:48:42","modified_gmt":"2026-01-19T16:48:42","slug":"cherry-blossom-lemonade","status":"publish","type":"product","link":"https:\/\/monin.ch\/fr\/produkt\/cherry-blossom-lemonade\/","title":{"rendered":"Cherry Blossom Lemonade"},"content":{"rendered":"","protected":false},"excerpt":{"rendered":"<h1>Cherry Blossom Lemonade<\/h1>\n<p><b>INGR\u00c9DIENTS<br \/>\n<\/b>20 ml de sirop MONIN Fleur de Cerisier<br \/>\n40 ml de concentr\u00e9 MONIN Lemonade Mix<br \/>\n240 ml de soda<\/p>\n<p><b>PR\u00c9PARATION<br \/>\n<\/b>Verser tous les ingr\u00e9dients dans un verre rempli de gla\u00e7ons et remuer l\u00e9g\u00e8rement.<\/p>\n<p><b>GARNITURE<br \/>\n<\/b>Une rondelle de citron<\/p>\n<p>&nbsp;<\/p>\n","protected":false},"featured_media":3106,"comment_status":"closed","ping_status":"closed","template":"","meta":[],"product_brand":[],"product_cat":[484],"product_tag":[878],"class_list":{"0":"post-3123","1":"product","2":"type-product","3":"status-publish","4":"has-post-thumbnail","6":"product_cat-les-cocktails","7":"product_tag-cherry-blossom-lemonade","8":"pa_cocktails-mocktails-mocktail-fr","10":"first","11":"instock","12":"shipping-taxable","13":"product-type-simple"},"_links":{"self":[{"href":"https:\/\/monin.ch\/fr\/wp-json\/wp\/v2\/product\/3123","targetHints":{"allow":["GET"]}}],"collection":[{"href":"https:\/\/monin.ch\/fr\/wp-json\/wp\/v2\/product"}],"about":[{"href":"https:\/\/monin.ch\/fr\/wp-json\/wp\/v2\/types\/product"}],"replies":[{"embeddable":true,"href":"https:\/\/monin.ch\/fr\/wp-json\/wp\/v2\/comments?post=3123"}],"wp:featuredmedia":[{"embeddable":true,"href":"https:\/\/monin.ch\/fr\/wp-json\/wp\/v2\/media\/3106"}],"wp:attachment":[{"href":"https:\/\/monin.ch\/fr\/wp-json\/wp\/v2\/media?parent=3123"}],"wp:term":[{"taxonomy":"product_brand","embeddable":true,"href":"https:\/\/monin.ch\/fr\/wp-json\/wp\/v2\/product_brand?post=3123"},{"taxonomy":"product_cat","embeddable":true,"href":"https:\/\/monin.ch\/fr\/wp-json\/wp\/v2\/product_cat?post=3123"},{"taxonomy":"product_tag","embeddable":true,"href":"https:\/\/monin.ch\/fr\/wp-json\/wp\/v2\/product_tag?post=3123"}],"curies":[{"name":"wp","href":"https:\/\/api.w.org\/{rel}","templated":true}]}}