{"id":3125,"date":"2026-01-19T11:58:26","date_gmt":"2026-01-19T10:58:26","guid":{"rendered":"https:\/\/monin.ch\/?post_type=product&#038;p=3125"},"modified":"2026-01-19T12:15:19","modified_gmt":"2026-01-19T11:15:19","slug":"rhubarb-spritz","status":"publish","type":"product","link":"https:\/\/monin.ch\/fr\/produkt\/rhubarb-spritz\/","title":{"rendered":"Rhubarb Spritz"},"content":{"rendered":"","protected":false},"excerpt":{"rendered":"<h1>Rhubarb Spritz<\/h1>\n<p><b>INGR\u00c9DIENTS<br \/>\n<\/b>20 ml de sirop MONIN Rhubarbe<br \/>\n10 ml de concentr\u00e9 MONIN Lemon Rantcho<br \/>\n120 ml de Prosecco<br \/>\n40 ml de soda<\/p>\n<p><b>PR\u00c9PARATION<br \/>\n<\/b>Verser tous les ingr\u00e9dients dans un verre rempli de gla\u00e7ons et remuer l\u00e9g\u00e8rement.<\/p>\n<p><b>GARNITURE<br \/>\n<\/b>Tiges de rhubarbe et menthe<\/p>\n<p>&nbsp;<\/p>\n","protected":false},"featured_media":3108,"comment_status":"closed","ping_status":"closed","template":"","meta":[],"product_brand":[],"product_cat":[484],"product_tag":[879],"class_list":{"0":"post-3125","1":"product","2":"type-product","3":"status-publish","4":"has-post-thumbnail","6":"product_cat-les-cocktails","7":"product_tag-rhubarb-spritz","8":"pa_cocktails-mocktails-cocktail-fr","10":"first","11":"instock","12":"shipping-taxable","13":"product-type-simple"},"_links":{"self":[{"href":"https:\/\/monin.ch\/fr\/wp-json\/wp\/v2\/product\/3125","targetHints":{"allow":["GET"]}}],"collection":[{"href":"https:\/\/monin.ch\/fr\/wp-json\/wp\/v2\/product"}],"about":[{"href":"https:\/\/monin.ch\/fr\/wp-json\/wp\/v2\/types\/product"}],"replies":[{"embeddable":true,"href":"https:\/\/monin.ch\/fr\/wp-json\/wp\/v2\/comments?post=3125"}],"wp:featuredmedia":[{"embeddable":true,"href":"https:\/\/monin.ch\/fr\/wp-json\/wp\/v2\/media\/3108"}],"wp:attachment":[{"href":"https:\/\/monin.ch\/fr\/wp-json\/wp\/v2\/media?parent=3125"}],"wp:term":[{"taxonomy":"product_brand","embeddable":true,"href":"https:\/\/monin.ch\/fr\/wp-json\/wp\/v2\/product_brand?post=3125"},{"taxonomy":"product_cat","embeddable":true,"href":"https:\/\/monin.ch\/fr\/wp-json\/wp\/v2\/product_cat?post=3125"},{"taxonomy":"product_tag","embeddable":true,"href":"https:\/\/monin.ch\/fr\/wp-json\/wp\/v2\/product_tag?post=3125"}],"curies":[{"name":"wp","href":"https:\/\/api.w.org\/{rel}","templated":true}]}}