{"id":3127,"date":"2026-01-19T12:00:25","date_gmt":"2026-01-19T11:00:25","guid":{"rendered":"https:\/\/monin.ch\/?post_type=product&#038;p=3127"},"modified":"2026-01-19T12:16:30","modified_gmt":"2026-01-19T11:16:30","slug":"rhubarb-lemonade","status":"publish","type":"product","link":"https:\/\/monin.ch\/fr\/produkt\/rhubarb-lemonade\/","title":{"rendered":"Rhubarb Lemonade"},"content":{"rendered":"","protected":false},"excerpt":{"rendered":"<h1>Rhubarb Lemonade<\/h1>\n<p><b>INGR\u00c9DIENTS<br \/>\n<\/b>20 ml de sirop MONIN Rhubarbe<br \/>\n20 ml de concentr\u00e9 MONIN Lemonade Mix<br \/>\n240 ml d&rsquo;eau min\u00e9rale ou gazeuse<\/p>\n<p><b>PR\u00c9PARATION<br \/>\n<\/b>Verser tous les ingr\u00e9dients dans un verre rempli de gla\u00e7ons et remuer l\u00e9g\u00e8rement.<\/p>\n<p><b>GARNITURE<br \/>\n<\/b>Une rondelle de citron<\/p>\n<p>&nbsp;<\/p>\n","protected":false},"featured_media":3110,"comment_status":"closed","ping_status":"closed","template":"","meta":[],"product_brand":[],"product_cat":[484],"product_tag":[880],"class_list":{"0":"post-3127","1":"product","2":"type-product","3":"status-publish","4":"has-post-thumbnail","6":"product_cat-les-cocktails","7":"product_tag-rhubarb-lemonade","8":"pa_cocktails-mocktails-mocktail-fr","10":"first","11":"instock","12":"shipping-taxable","13":"product-type-simple"},"_links":{"self":[{"href":"https:\/\/monin.ch\/fr\/wp-json\/wp\/v2\/product\/3127","targetHints":{"allow":["GET"]}}],"collection":[{"href":"https:\/\/monin.ch\/fr\/wp-json\/wp\/v2\/product"}],"about":[{"href":"https:\/\/monin.ch\/fr\/wp-json\/wp\/v2\/types\/product"}],"replies":[{"embeddable":true,"href":"https:\/\/monin.ch\/fr\/wp-json\/wp\/v2\/comments?post=3127"}],"wp:featuredmedia":[{"embeddable":true,"href":"https:\/\/monin.ch\/fr\/wp-json\/wp\/v2\/media\/3110"}],"wp:attachment":[{"href":"https:\/\/monin.ch\/fr\/wp-json\/wp\/v2\/media?parent=3127"}],"wp:term":[{"taxonomy":"product_brand","embeddable":true,"href":"https:\/\/monin.ch\/fr\/wp-json\/wp\/v2\/product_brand?post=3127"},{"taxonomy":"product_cat","embeddable":true,"href":"https:\/\/monin.ch\/fr\/wp-json\/wp\/v2\/product_cat?post=3127"},{"taxonomy":"product_tag","embeddable":true,"href":"https:\/\/monin.ch\/fr\/wp-json\/wp\/v2\/product_tag?post=3127"}],"curies":[{"name":"wp","href":"https:\/\/api.w.org\/{rel}","templated":true}]}}