{"id":3610,"date":"2026-05-12T11:31:47","date_gmt":"2026-05-12T09:31:47","guid":{"rendered":"https:\/\/monin.ch\/?post_type=product&#038;p=3610"},"modified":"2026-05-12T11:38:42","modified_gmt":"2026-05-12T09:38:42","slug":"ube-frappe","status":"publish","type":"product","link":"https:\/\/monin.ch\/fr\/produkt\/ube-frappe\/","title":{"rendered":"Ube Frapp\u00e9"},"content":{"rendered":"","protected":false},"excerpt":{"rendered":"<h1>Ube Frapp\u00e9<\/h1>\n<p><b>INGR\u00c9DIENTS<\/b><br \/>\n30 ml Le Concentr\u00e9 de MONIN Ube<br \/>\n1 cuill\u00e8reLe Frapp\u00e9 de MONIN Vanilla<br \/>\n150 ml de lait ou alternative<br \/>\n1 verre de gla\u00e7ons<\/p>\n<p><b>PR\u00c9PARATION<\/b><br \/>\nVerser tousles ingredients dans le bold\u2019un blender.<br \/>\nMixer jusqu\u2019\u00e0 l\u2019obtention d\u2019unetexture onctueuse (30 sec.).<br \/>\nVerser dans un verre. Garnir de Chantilly et d\u00e9corer.<br \/>\nServir.<\/p>\n<p><b>GARNISH<\/b><br \/>\nCr\u00e8me Chantilly classique ou Ube<br \/>\n(250 ml cr\u00e8me liquide enti\u00e8re + 40 ml Le Concentr\u00e9 de MONIN Ube)<br \/>\n+ topping<\/p>\n","protected":false},"featured_media":3586,"comment_status":"closed","ping_status":"closed","template":"","meta":[],"product_brand":[],"product_cat":[484],"product_tag":[],"class_list":{"0":"post-3610","1":"product","2":"type-product","3":"status-publish","4":"has-post-thumbnail","6":"product_cat-les-cocktails","7":"pa_cocktails-mocktails-mocktail-fr","9":"first","10":"instock","11":"shipping-taxable","12":"product-type-simple"},"_links":{"self":[{"href":"https:\/\/monin.ch\/fr\/wp-json\/wp\/v2\/product\/3610","targetHints":{"allow":["GET"]}}],"collection":[{"href":"https:\/\/monin.ch\/fr\/wp-json\/wp\/v2\/product"}],"about":[{"href":"https:\/\/monin.ch\/fr\/wp-json\/wp\/v2\/types\/product"}],"replies":[{"embeddable":true,"href":"https:\/\/monin.ch\/fr\/wp-json\/wp\/v2\/comments?post=3610"}],"wp:featuredmedia":[{"embeddable":true,"href":"https:\/\/monin.ch\/fr\/wp-json\/wp\/v2\/media\/3586"}],"wp:attachment":[{"href":"https:\/\/monin.ch\/fr\/wp-json\/wp\/v2\/media?parent=3610"}],"wp:term":[{"taxonomy":"product_brand","embeddable":true,"href":"https:\/\/monin.ch\/fr\/wp-json\/wp\/v2\/product_brand?post=3610"},{"taxonomy":"product_cat","embeddable":true,"href":"https:\/\/monin.ch\/fr\/wp-json\/wp\/v2\/product_cat?post=3610"},{"taxonomy":"product_tag","embeddable":true,"href":"https:\/\/monin.ch\/fr\/wp-json\/wp\/v2\/product_tag?post=3610"}],"curies":[{"name":"wp","href":"https:\/\/api.w.org\/{rel}","templated":true}]}}